{"id":544,"date":"2025-05-01T14:01:22","date_gmt":"2025-05-01T12:01:22","guid":{"rendered":"https:\/\/dev33.otrmedia.nl\/?page_id=544"},"modified":"2025-05-09T13:37:06","modified_gmt":"2025-05-09T11:37:06","slug":"contact","status":"publish","type":"page","link":"https:\/\/quizzzit.nl\/pt\/contact\/","title":{"rendered":"Contacto"},"content":{"rendered":"<div data-elementor-type=\"wp-page\" data-elementor-id=\"544\" class=\"elementor elementor-544\" data-elementor-post-type=\"page\">\n\t\t\t\t<div class=\"elementor-element elementor-element-411e218 e-flex e-con-boxed e-con e-parent\" data-id=\"411e218\" data-element_type=\"container\" data-settings=\"{&quot;background_background&quot;:&quot;classic&quot;,&quot;jet_parallax_layout_list&quot;:[]}\">\n\t\t\t\t\t<div class=\"e-con-inner\">\n\t\t\t\t<div class=\"elementor-element elementor-element-82a344f elementor-widget elementor-widget-heading\" data-id=\"82a344f\" data-element_type=\"widget\" data-widget_type=\"heading.default\">\n\t\t\t\t<div class=\"elementor-widget-container\">\n\t\t\t\t\t<h1 class=\"elementor-heading-title elementor-size-default\">CONTACTO<\/h1>\t\t\t\t<\/div>\n\t\t\t\t<\/div>\n\t\t<div class=\"elementor-element elementor-element-181761b e-con-full e-flex e-con e-child\" data-id=\"181761b\" data-element_type=\"container\" data-settings=\"{&quot;jet_parallax_layout_list&quot;:[]}\">\n\t\t\t\t<div class=\"elementor-element elementor-element-c0d65cb elementor-absolute elementor-widget elementor-widget-image\" data-id=\"c0d65cb\" data-element_type=\"widget\" data-settings=\"{&quot;_position&quot;:&quot;absolute&quot;}\" data-widget_type=\"image.default\">\n\t\t\t\t<div class=\"elementor-widget-container\">\n\t\t\t\t\t\t\t\t\t\t\t\t\t\t\t<img fetchpriority=\"high\" decoding=\"async\" width=\"352\" height=\"276\" src=\"https:\/\/quizzzit.nl\/wp-content\/uploads\/2025\/05\/Quizzzit-Contact-Icon.png\" class=\"attachment-full size-full wp-image-547\" alt=\"\" srcset=\"https:\/\/quizzzit.nl\/wp-content\/uploads\/2025\/05\/Quizzzit-Contact-Icon.png 352w, https:\/\/quizzzit.nl\/wp-content\/uploads\/2025\/05\/Quizzzit-Contact-Icon-300x235.png 300w\" sizes=\"(max-width: 352px) 100vw, 352px\" \/>\t\t\t\t\t\t\t\t\t\t\t\t\t\t\t<\/div>\n\t\t\t\t<\/div>\n\t\t\t\t<\/div>\n\t\t\t\t\t<\/div>\n\t\t\t\t<\/div>\n\t\t<div class=\"elementor-element elementor-element-f35190f e-flex e-con-boxed e-con e-parent\" data-id=\"f35190f\" data-element_type=\"container\" data-settings=\"{&quot;jet_parallax_layout_list&quot;:[]}\">\n\t\t\t\t\t<div class=\"e-con-inner\">\n\t\t<div class=\"elementor-element elementor-element-013f61b e-con-full e-flex e-con e-child\" data-id=\"013f61b\" data-element_type=\"container\" data-settings=\"{&quot;jet_parallax_layout_list&quot;:[]}\">\n\t\t\t\t<div class=\"elementor-element elementor-element-91358f7 elementor-widget elementor-widget-heading\" data-id=\"91358f7\" data-element_type=\"widget\" data-widget_type=\"heading.default\">\n\t\t\t\t<div class=\"elementor-widget-container\">\n\t\t\t\t\t<h2 class=\"elementor-heading-title elementor-size-default\">Contactar-nos<\/h2>\t\t\t\t<\/div>\n\t\t\t\t<\/div>\n\t\t\t\t<div class=\"elementor-element elementor-element-494c09b elementor-widget elementor-widget-jet-form-builder-form\" data-id=\"494c09b\" data-element_type=\"widget\" data-widget_type=\"jet-form-builder-form.default\">\n\t\t\t\t<div class=\"elementor-widget-container\">\n\t\t\t\t\t<link rel='stylesheet' id='wp-block-library-css' href='https:\/\/quizzzit.nl\/wp-includes\/css\/dist\/block-library\/style.min.css?ver=6.9.4' media='all' \/>\n<style id=\"jet-form-builder-1553-inline-css\"><\/style><form  class=\"jet-form-builder layout-column submit-type-reload\" action=\"https:\/\/quizzzit.nl\/pt\/wp-json\/wp\/v2\/pages\/544\/?Vw7XQb=tORPjbOxKn&#038;method=reload\" method=\"POST\" data-form-id=\"1553\" data-layout=\"column\" enctype=\"multipart\/form-data\" novalidate=\"null\" ssr_validation_method=\"rest\" data-trp-original-action=\"https:\/\/quizzzit.nl\/pt\/wp-json\/wp\/v2\/pages\/544\/?Vw7XQb=tORPjbOxKn&amp;method=reload\"><input type=\"hidden\" id=\"_wpnonce\" name=\"_wpnonce\" value=\"8d388d8082\" \/><input type=\"hidden\" name=\"_wp_http_referer\" value=\"\/pt\/wp-json\/wp\/v2\/pages\/544\" \/>\r\n<input type=\"hidden\" name=\"_jfb_current_render_states[]\" value=\"DEFAULT.STATE\" data-jfb-sync \/><input type=\"hidden\" class=\"jet-form-builder__field hidden-field\" name=\"_jet_engine_booking_form_id\" data-field-name=\"_jet_engine_booking_form_id\" value=\"1553\">\n<input type=\"hidden\" class=\"jet-form-builder__field hidden-field\" name=\"_jet_engine_refer\" data-field-name=\"_jet_engine_refer\" value=\"https:\/\/quizzzit.nl\/pt\/wp-json\/wp\/v2\/pages\/544\/\">\n<input type=\"hidden\" class=\"jet-form-builder__field hidden-field\" name=\"__queried_post_id\" data-field-name=\"__queried_post_id\" value=\"544\">\n\n<input type=\"hidden\" class=\"jet-form-builder__field hidden-field\" name=\"post_id\" data-field-name=\"post_id\" data-jfb-sync=\"null\" value=\"544\">\n\n\n\n<div  class=\"jet-form-builder-row field-type-text-field\" >\n<div class=\"jet-form-builder__label\">\r\n<div class=\"jet-form-builder__label-text\">NOME<\/div><\/div><div class=\"jet-form-builder__field-wrap\">\n\t\t\t\t<input placeholder=\"Qual \u00e9 o seu nome?\" name=\"naam_contact\" id=\"naam_contact\" type=\"text\" data-field-name=\"naam_contact\" class=\"jet-form-builder__field text-field\" data-jfb-sync=\"null\" autocomplete=\"off_eQdHMYaF\">\n\t\t\t\t\t<\/div>\n<\/div>\n\n<div  class=\"jet-form-builder-row field-type-text-field\" >\n<div class=\"jet-form-builder__label\">\r\n<div class=\"jet-form-builder__label-text\">TELEFONE<\/div><\/div><div class=\"jet-form-builder__field-wrap\">\n\t\t\t\t<input placeholder=\"Em que n\u00famero podemos contact\u00e1-lo?\" name=\"telefoon_contact\" id=\"telefoon_contact\" type=\"tel\" data-field-name=\"telefoon_contact\" class=\"jet-form-builder__field text-field\" data-jfb-sync=\"null\" autocomplete=\"off_MNf2pzPb\">\n\t\t\t\t\t<\/div>\n<\/div>\n\n<div  class=\"jet-form-builder-row field-type-text-field\" >\n<div class=\"jet-form-builder__label\">\r\n<div class=\"jet-form-builder__label-text\">EMAIL<\/div><\/div><div class=\"jet-form-builder__field-wrap\">\n\t\t\t\t<input placeholder=\"De que forma gostaria de receber o nosso correio?\" name=\"email_contact\" id=\"email_contact\" type=\"email\" data-field-name=\"email_contact\" class=\"jet-form-builder__field text-field\" data-jfb-sync=\"null\" autocomplete=\"off_j1n2hFP9\">\n\t\t\t\t\t<\/div>\n<\/div>\n\n\n<hr class=\"wp-block-separator has-alpha-channel-opacity\"\/>\n\n\n<div  class=\"jet-form-builder-row field-type-select-field wp-block-jet-forms-select-field\">\n<div class=\"jet-form-builder__label\">\r\n<div class=\"jet-form-builder__label-text\">COMO \u00c9 QUE NOS ENCONTROU?<\/div><\/div><div class=\"jet-form-builder__field-wrap\">\n\t<select class=\"jet-form-builder__field select-field\" name=\"hoe_heb_je_ons_gevonden_contact\" data-field-name=\"hoe_heb_je_ons_gevonden_contact\" id=\"hoe_heb_je_ons_gevonden_contact\" data-jfb-sync=\"null\">\n\t\t<option value=\"\"  selected>Como \u00e9 que chegou at\u00e9 n\u00f3s?<\/option><option value=\"Via een bekende of collega\" >Atrav\u00e9s de um conhecido ou colega<\/option><option value=\"Gevonden via Google of andere zoekmachine\" >Encontrado atrav\u00e9s do Google ou de outro motor de busca<\/option><option value=\"Via social media (bijv. Instagram, LinkedIn)\" >Atrav\u00e9s das redes sociais (por exemplo, Instagram, LinkedIn)<\/option><option value=\"Ik ben al eerder klant geweest\" >J\u00e1 fui cliente antes<\/option>\t<\/select>\n<\/div>\n<\/div>\n\n<div  class=\"jet-form-builder-row field-type-textarea-field\" >\n<div class=\"jet-form-builder__label\">\r\n<div class=\"jet-form-builder__label-text\">PERGUNTA<\/div><\/div><div class=\"jet-form-builder__field-wrap\">\n\t\t<textarea class=\"jet-form-builder__field textarea-field\" placeholder=\"Em que \u00e9 que o podemos ajudar?\" name=\"vraag_contact\" data-field-name=\"vraag_contact\" id=\"vraag_contact\" data-jfb-sync=\"null\"><\/textarea>\n\t<\/div>\n<\/div>\n\n<div  class=\"jet-form-builder-row field-type-submit-field\" >\n\t<div data-type=\"submit\" class=\"jet-form-builder__action-button-wrapper jet-form-builder__submit-wrap\">\n\t<button class=\"jet-form-builder__action-button jet-form-builder__submit submit-type-reload\" type=\"submit\">APLICA\u00c7\u00d5ES<\/button>\n\t<\/div>\n\t\n<\/div>\n\n\n<input type=\"hidden\" class=\"captcha-token\" name=\"_captcha_token\" value=\"\"\/>\n\t<div class=\"jet-form-builder-messages-wrap\" data-form-id=\"1553\"><\/div>\n<input type=\"hidden\" name=\"trp-form-language\" value=\"pt\"\/><\/form>\n\t\t\t\t<\/div>\n\t\t\t\t<\/div>\n\t\t\t\t<\/div>\n\t\t<div class=\"elementor-element elementor-element-4eece98 e-con-full e-flex e-con e-child\" data-id=\"4eece98\" data-element_type=\"container\" data-settings=\"{&quot;jet_parallax_layout_list&quot;:[]}\">\n\t\t<div class=\"elementor-element elementor-element-d8a9217 e-con-full e-flex e-con e-child\" data-id=\"d8a9217\" data-element_type=\"container\" data-settings=\"{&quot;jet_parallax_layout_list&quot;:[]}\">\n\t\t\t\t<div class=\"elementor-element elementor-element-1ff1ae2 elementor-widget-tablet__width-inherit elementor-widget-mobile__width-auto elementor-widget elementor-widget-heading\" data-id=\"1ff1ae2\" data-element_type=\"widget\" data-widget_type=\"heading.default\">\n\t\t\t\t<div class=\"elementor-widget-container\">\n\t\t\t\t\t<h4 class=\"elementor-heading-title elementor-size-default\">SOMOS<br>\nPARA SI<\/h4>\t\t\t\t<\/div>\n\t\t\t\t<\/div>\n\t\t\t\t<div class=\"elementor-element elementor-element-82a4388 elementor-widget elementor-widget-image\" data-id=\"82a4388\" data-element_type=\"widget\" data-widget_type=\"image.default\">\n\t\t\t\t<div class=\"elementor-widget-container\">\n\t\t\t\t\t\t\t\t\t\t\t\t\t\t\t<img decoding=\"async\" width=\"140\" height=\"145\" src=\"https:\/\/quizzzit.nl\/wp-content\/uploads\/2025\/05\/Quizzzit-Contact-Q.png\" class=\"attachment-full size-full wp-image-553\" alt=\"\" \/>\t\t\t\t\t\t\t\t\t\t\t\t\t\t\t<\/div>\n\t\t\t\t<\/div>\n\t\t\t\t<\/div>\n\t\t<div class=\"elementor-element elementor-element-875b75c e-con-full e-flex e-con e-child\" data-id=\"875b75c\" data-element_type=\"container\" data-settings=\"{&quot;jet_parallax_layout_list&quot;:[]}\">\n\t\t<div class=\"elementor-element elementor-element-809f349 e-con-full e-flex e-con e-child\" data-id=\"809f349\" data-element_type=\"container\" data-settings=\"{&quot;jet_parallax_layout_list&quot;:[]}\">\n\t\t<div class=\"elementor-element elementor-element-5a133c8 e-con-full e-flex e-con e-child\" data-id=\"5a133c8\" data-element_type=\"container\" data-settings=\"{&quot;jet_parallax_layout_list&quot;:[]}\">\n\t\t\t\t<div class=\"elementor-element elementor-element-3690222 elementor-widget elementor-widget-heading\" data-id=\"3690222\" data-element_type=\"widget\" data-widget_type=\"heading.default\">\n\t\t\t\t<div class=\"elementor-widget-container\">\n\t\t\t\t\t<h2 class=\"elementor-heading-title elementor-size-default\">Endere\u00e7o da sucursal<\/h2>\t\t\t\t<\/div>\n\t\t\t\t<\/div>\n\t\t\t\t<div class=\"elementor-element elementor-element-5bf2f00 elementor-widget elementor-widget-heading\" data-id=\"5bf2f00\" data-element_type=\"widget\" data-widget_type=\"heading.default\">\n\t\t\t\t<div class=\"elementor-widget-container\">\n\t\t\t\t\t<h3 class=\"elementor-heading-title elementor-size-default\">Estrada industrial 26-12<br>\n5071 NK Udenhout<\/h3>\t\t\t\t<\/div>\n\t\t\t\t<\/div>\n\t\t\t\t<div class=\"elementor-element elementor-element-bac4979 elementor-widget elementor-widget-heading\" data-id=\"bac4979\" data-element_type=\"widget\" data-widget_type=\"heading.default\">\n\t\t\t\t<div class=\"elementor-widget-container\">\n\t\t\t\t\t<h2 class=\"elementor-heading-title elementor-size-default\">Dados de contacto<\/h2>\t\t\t\t<\/div>\n\t\t\t\t<\/div>\n\t\t\t\t<div class=\"elementor-element elementor-element-38581b1 elementor-widget elementor-widget-heading\" data-id=\"38581b1\" data-element_type=\"widget\" data-widget_type=\"heading.default\">\n\t\t\t\t<div class=\"elementor-widget-container\">\n\t\t\t\t\t<h3 class=\"elementor-heading-title elementor-size-default\"><a href=\"tel:+31%20(0)13%20744%2003%2088\"><u>+31 (0)13 744 03 88<\/a><\/h3>\t\t\t\t<\/div>\n\t\t\t\t<\/div>\n\t\t\t\t<div class=\"elementor-element elementor-element-e46a46a elementor-widget elementor-widget-heading\" data-id=\"e46a46a\" data-element_type=\"widget\" data-widget_type=\"heading.default\">\n\t\t\t\t<div class=\"elementor-widget-container\">\n\t\t\t\t\t<h3 class=\"elementor-heading-title elementor-size-default\"><a href=\"mailto:info@quizzzit.nl\"><u>info@quizzzit.nl<\/u><\/a><\/h3>\t\t\t\t<\/div>\n\t\t\t\t<\/div>\n\t\t\t\t<\/div>\n\t\t<div class=\"elementor-element elementor-element-9960ef0 e-con-full e-flex e-con e-child\" data-id=\"9960ef0\" data-element_type=\"container\" data-settings=\"{&quot;jet_parallax_layout_list&quot;:[]}\">\n\t\t\t\t<div class=\"elementor-element elementor-element-602738f elementor-widget elementor-widget-heading\" data-id=\"602738f\" data-element_type=\"widget\" data-widget_type=\"heading.default\">\n\t\t\t\t<div class=\"elementor-widget-container\">\n\t\t\t\t\t<h2 class=\"elementor-heading-title elementor-size-default\">N\u00famero de IVA<\/h2>\t\t\t\t<\/div>\n\t\t\t\t<\/div>\n\t\t\t\t<div class=\"elementor-element elementor-element-f0531b7 elementor-widget elementor-widget-heading\" data-id=\"f0531b7\" data-element_type=\"widget\" data-widget_type=\"heading.default\">\n\t\t\t\t<div class=\"elementor-widget-container\">\n\t\t\t\t\t<h3 class=\"elementor-heading-title elementor-size-default\">NL862794730B01<\/h3>\t\t\t\t<\/div>\n\t\t\t\t<\/div>\n\t\t\t\t<div class=\"elementor-element elementor-element-2f740e6 elementor-widget elementor-widget-heading\" data-id=\"2f740e6\" data-element_type=\"widget\" data-widget_type=\"heading.default\">\n\t\t\t\t<div class=\"elementor-widget-container\">\n\t\t\t\t\t<h2 class=\"elementor-heading-title elementor-size-default\">N\u00famero da C\u00e2mara de Com\u00e9rcio<\/h2>\t\t\t\t<\/div>\n\t\t\t\t<\/div>\n\t\t\t\t<div class=\"elementor-element elementor-element-cc5febc elementor-widget elementor-widget-heading\" data-id=\"cc5febc\" data-element_type=\"widget\" data-widget_type=\"heading.default\">\n\t\t\t\t<div class=\"elementor-widget-container\">\n\t\t\t\t\t<h3 class=\"elementor-heading-title elementor-size-default\">83253971<\/h3>\t\t\t\t<\/div>\n\t\t\t\t<\/div>\n\t\t\t\t<\/div>\n\t\t\t\t<\/div>\n\t\t\t\t<\/div>\n\t\t<div class=\"elementor-element elementor-element-0f5091c e-con-full e-flex e-con e-child\" data-id=\"0f5091c\" data-element_type=\"container\" data-settings=\"{&quot;background_background&quot;:&quot;classic&quot;,&quot;jet_parallax_layout_list&quot;:[]}\">\n\t\t\t\t<div class=\"elementor-element elementor-element-1a02a61 elementor-absolute elementor-view-default elementor-widget elementor-widget-icon\" data-id=\"1a02a61\" data-element_type=\"widget\" data-settings=\"{&quot;_position&quot;:&quot;absolute&quot;}\" data-widget_type=\"icon.default\">\n\t\t\t\t<div class=\"elementor-widget-container\">\n\t\t\t\t\t\t\t<div class=\"elementor-icon-wrapper\">\n\t\t\t<div class=\"elementor-icon\">\n\t\t\t<svg xmlns=\"http:\/\/www.w3.org\/2000\/svg\" width=\"46\" height=\"62\" viewbox=\"0 0 46 62\" fill=\"none\"><path id=\"Vector\" d=\"M21.5897 0.0439578C39.4421 -1.05618 51.8768 18.7141 43.1393 34.5824C38.3355 43.3031 30.1513 51.7149 24.9894 60.397C23.4702 62.1726 22.9585 62.742 21.2027 60.7219C15.9128 52.2135 8.67205 44.2327 3.48774 35.7565C-5.67196 20.7728 4.19774 1.11514 21.5897 0.0439578ZM20.611 13.5319C8.44178 15.5938 11.8511 36.8309 25.8177 32.9225C37.2162 29.7347 34.4145 11.1933 20.611 13.5319Z\" fill=\"#01C05C\"><\/path><\/svg>\t\t\t<\/div>\n\t\t<\/div>\n\t\t\t\t\t\t<\/div>\n\t\t\t\t<\/div>\n\t\t\t\t<\/div>\n\t\t\t\t<\/div>\n\t\t\t\t\t<\/div>\n\t\t\t\t<\/div>\n\t\t\t\t<\/div>","protected":false},"excerpt":{"rendered":"<p>CONTACT Contact ons NAAM TELEFOON EMAIL HOE HEB JE ONS GEVONDEN? Hoe kwam je bij ons terecht?Via een bekende of collegaGevonden via Google of andere zoekmachineVia social media (bijv. Instagram, LinkedIn)Ik ben al eerder klant geweest VRAAG AANVRAGEN WIJ STAAN VOOR JE KLAAR Vestigingsadres Nijverheidsweg 26-12 5071 NK Udenhout Contactgegevens +31 (0)13 744 03 88 [&hellip;]<\/p>","protected":false},"author":2,"featured_media":0,"parent":0,"menu_order":0,"comment_status":"closed","ping_status":"closed","template":"","meta":{"footnotes":""},"class_list":["post-544","page","type-page","status-publish","hentry"],"_links":{"self":[{"href":"https:\/\/quizzzit.nl\/pt\/wp-json\/wp\/v2\/pages\/544","targetHints":{"allow":["GET"]}}],"collection":[{"href":"https:\/\/quizzzit.nl\/pt\/wp-json\/wp\/v2\/pages"}],"about":[{"href":"https:\/\/quizzzit.nl\/pt\/wp-json\/wp\/v2\/types\/page"}],"author":[{"embeddable":true,"href":"https:\/\/quizzzit.nl\/pt\/wp-json\/wp\/v2\/users\/2"}],"replies":[{"embeddable":true,"href":"https:\/\/quizzzit.nl\/pt\/wp-json\/wp\/v2\/comments?post=544"}],"version-history":[{"count":0,"href":"https:\/\/quizzzit.nl\/pt\/wp-json\/wp\/v2\/pages\/544\/revisions"}],"wp:attachment":[{"href":"https:\/\/quizzzit.nl\/pt\/wp-json\/wp\/v2\/media?parent=544"}],"curies":[{"name":"wp","href":"https:\/\/api.w.org\/{rel}","templated":true}]}}