{"id":1954,"date":"2025-05-09T10:20:10","date_gmt":"2025-05-09T08:20:10","guid":{"rendered":"https:\/\/dev33.otrmedia.nl\/?page_id=1954"},"modified":"2025-05-09T13:30:41","modified_gmt":"2025-05-09T11:30:41","slug":"doe-het-zelf","status":"publish","type":"page","link":"https:\/\/quizzzit.nl\/pt\/doe-het-zelf\/","title":{"rendered":"Organizar o seu pr\u00f3prio jogo \u00fanico (pub quiz)"},"content":{"rendered":"<h3 class=\"wp-block-heading\"><em>Um quiz de pub completo pelo pre\u00e7o mais baixo<\/em><\/h3>\n\n\n\n<p>Sabia que pode jogar facilmente os nossos jogos de perguntas e respostas gra\u00e7as ao nosso sistema Plug&amp;Play? Ideal se estiver \u00e0 procura de um quiz de bar divertido com entretenimento para jogar com grupos mais pequenos! Que tal um pub quiz para a sua associa\u00e7\u00e3o de pessoal, por exemplo, ou pub quizzes com a equipa de futebol da sua empresa? Ou um quiz de bar durante as tardes de sexta-feira? O nosso pacote \"fa\u00e7a voc\u00ea mesmo\" \u00e9 tamb\u00e9m a op\u00e7\u00e3o mais econ\u00f3mica!<\/p>\n\n\n\n<p><a href=\"https:\/\/quizzzit.nl\/pt\/aanvragen\/\"><strong>Reservar agora<\/strong>!<\/a><\/p>\n\n\n\n<p><strong>Como funciona o nosso concurso de pubs<\/strong><\/p>\n\n\n\n<p>Dois dias antes do in\u00edcio do jogo, receber\u00e1 uma caixa Quizzzit da nossa parte. Esta inclui um computador port\u00e1til, as caixas de voto e as breves instru\u00e7\u00f5es. J\u00e1 teremos instalado no port\u00e1til o quiz de pub da sua escolha. O computador port\u00e1til \u00e9 ligado a uma televis\u00e3o ou a um projetor no local. Utilizando o telecomando fornecido para o quizmaster, pode jogar e apresentar o nosso quiz de pub profissional. Para al\u00e9m disso, pode acrescentar perguntas especificamente destinadas ao seu grupo-alvo ao seu pub quiz.<\/p>\n\n\n\n<p>Continua a preferir jogar um quiz de pub com um quizmaster. Ent\u00e3o clique em\u00a0<a href=\"https:\/\/quizzzit.nl\/pt\/quiz-op-locatie\/\">aqui<\/a>.<\/p>\n\n\n\n<p><strong>Isto \u00e9 o que se obt\u00e9m:<\/strong><\/p>\n\n\n\n<ul class=\"wp-block-list\">\n<li>Um teste de pub interativo, personalizado se necess\u00e1rio<\/li>\n\n\n\n<li>Uma caixa Quizzzit com computador port\u00e1til, caixas de voto e manual<\/li>\n<\/ul>\n\n\n\n<p><strong>Sim, fa\u00e7am-me um teste de pub t\u00e3o completo com fator \"uau\"!<\/strong><br>Mal pode esperar para organizar o seu pr\u00f3prio quiz (de bar)? Ent\u00e3o contacte j\u00e1 a nossa equipa Quizzzit.<\/p>\n\n\n\n<figure class=\"wp-block-image size-full\"><img fetchpriority=\"high\" decoding=\"async\" width=\"728\" height=\"652\" src=\"https:\/\/quizzzit.nl\/wp-content\/uploads\/2025\/05\/000004-20200825100802-doe-het-zelf-quiz-quizzzit.png\" alt=\"\" class=\"wp-image-1955\" srcset=\"https:\/\/quizzzit.nl\/wp-content\/uploads\/2025\/05\/000004-20200825100802-doe-het-zelf-quiz-quizzzit.png 728w, https:\/\/quizzzit.nl\/wp-content\/uploads\/2025\/05\/000004-20200825100802-doe-het-zelf-quiz-quizzzit-300x269.png 300w\" sizes=\"(max-width: 728px) 100vw, 728px\" \/><\/figure>\n\n\n\n<h2 class=\"wp-block-heading\"><\/h2>","protected":false},"excerpt":{"rendered":"<p>Um pub quiz completo pelo pre\u00e7o mais baixo Sabia que pode jogar os nossos pub quizzes muito facilmente gra\u00e7as ao nosso sistema Plug&amp;Play? Ideal se estiver \u00e0 procura de um quiz de pub divertido com entretenimento para jogar com grupos mais pequenos! Por exemplo, que tal um pub quiz para a sua associa\u00e7\u00e3o de pessoal ou pub quizzes com a equipa de futebol da sua empresa? [...]<\/p>","protected":false},"author":1,"featured_media":0,"parent":0,"menu_order":0,"comment_status":"closed","ping_status":"closed","template":"","meta":{"footnotes":""},"class_list":["post-1954","page","type-page","status-publish","hentry"],"_links":{"self":[{"href":"https:\/\/quizzzit.nl\/pt\/wp-json\/wp\/v2\/pages\/1954","targetHints":{"allow":["GET"]}}],"collection":[{"href":"https:\/\/quizzzit.nl\/pt\/wp-json\/wp\/v2\/pages"}],"about":[{"href":"https:\/\/quizzzit.nl\/pt\/wp-json\/wp\/v2\/types\/page"}],"author":[{"embeddable":true,"href":"https:\/\/quizzzit.nl\/pt\/wp-json\/wp\/v2\/users\/1"}],"replies":[{"embeddable":true,"href":"https:\/\/quizzzit.nl\/pt\/wp-json\/wp\/v2\/comments?post=1954"}],"version-history":[{"count":0,"href":"https:\/\/quizzzit.nl\/pt\/wp-json\/wp\/v2\/pages\/1954\/revisions"}],"wp:attachment":[{"href":"https:\/\/quizzzit.nl\/pt\/wp-json\/wp\/v2\/media?parent=1954"}],"curies":[{"name":"wp","href":"https:\/\/api.w.org\/{rel}","templated":true}]}}