{"id":1951,"date":"2025-05-09T10:18:09","date_gmt":"2025-05-09T08:18:09","guid":{"rendered":"https:\/\/dev33.otrmedia.nl\/?page_id=1951"},"modified":"2025-05-12T12:40:17","modified_gmt":"2025-05-12T10:40:17","slug":"recensies","status":"publish","type":"page","link":"https:\/\/quizzzit.nl\/pt\/recensies\/","title":{"rendered":"Coment\u00e1rios quizzzit"},"content":{"rendered":"<div data-elementor-type=\"wp-page\" data-elementor-id=\"1951\" class=\"elementor elementor-1951\" data-elementor-post-type=\"page\">\n\t\t\t\t<div class=\"elementor-element elementor-element-6d70261 e-flex e-con-boxed e-con e-parent\" data-id=\"6d70261\" data-element_type=\"container\" data-settings=\"{&quot;background_background&quot;:&quot;classic&quot;,&quot;jet_parallax_layout_list&quot;:[]}\">\n\t\t\t\t\t<div class=\"e-con-inner\">\n\t\t\t\t<div class=\"elementor-element elementor-element-8bb9b72 elementor-widget elementor-widget-heading\" data-id=\"8bb9b72\" data-element_type=\"widget\" data-widget_type=\"heading.default\">\n\t\t\t\t<div class=\"elementor-widget-container\">\n\t\t\t\t\t<h1 class=\"elementor-heading-title elementor-size-default\">Coment\u00e1rios quizzzit<\/h1>\t\t\t\t<\/div>\n\t\t\t\t<\/div>\n\t\t\t\t\t<\/div>\n\t\t\t\t<\/div>\n\t\t<div class=\"elementor-element elementor-element-db2b642 e-flex e-con-boxed e-con e-parent\" data-id=\"db2b642\" data-element_type=\"container\" data-settings=\"{&quot;jet_parallax_layout_list&quot;:[]}\">\n\t\t\t\t\t<div class=\"e-con-inner\">\n\t\t<div class=\"elementor-element elementor-element-92c1a07 e-con-full e-flex e-con e-child\" data-id=\"92c1a07\" data-element_type=\"container\" data-settings=\"{&quot;jet_parallax_layout_list&quot;:[]}\">\n\t\t\t\t<div class=\"elementor-element elementor-element-3d81e1b elementor-widget elementor-widget-html\" data-id=\"3d81e1b\" data-element_type=\"widget\" data-widget_type=\"html.default\">\n\t\t\t\t<div class=\"elementor-widget-container\">\n\t\t\t\t\t<script defer async src='https:\/\/cdn.trustindex.io\/loader.js?4ca711546e860984a366af3defa'><\/script>\t\t\t\t<\/div>\n\t\t\t\t<\/div>\n\t\t\t\t<div class=\"elementor-element elementor-element-061cae4 elementor-widget elementor-widget-text-editor\" data-id=\"061cae4\" data-element_type=\"widget\" data-widget_type=\"text-editor.default\">\n\t\t\t\t<div class=\"elementor-widget-container\">\n\t\t\t\t\t\t\t\t\t\n<figure class=\"wp-block-image\"><img decoding=\"async\" src=\"https:\/\/www.quizzzit.nl\/assets\/website_recensie\/000006-20200901134827-bedrijfsquiz-een-vandaag-met-quizzzit.png\" alt=\"logo\"\/><\/figure>\n\n\n\n<p>Fiz Quizzzit com toda a equipa editorial de EenVandaag na praia de Zandvoort. Uma batalha super divertida entre equipas de dois com algo para todos: conhecimento, m\u00fasica, previs\u00f5es... muito interativo! E concentr\u00e1mos parcialmente as perguntas do Quizzzit no nosso pr\u00f3prio clube. \u00c9 altamente recomend\u00e1vel. E parab\u00e9ns ao apresentador Gerben van Driel por ter superado as nossas gargalhadas, o nosso espanto e os nossos c\u00e2nticos e ainda ter conseguido manter tudo nos eixos.&nbsp;<strong>Recomendado!<\/strong><\/p>\n\n\n\n<p><strong>Rene van Brakel (EenVandaag)<\/strong><\/p>\n\n\n\n<figure class=\"wp-block-image\"><img decoding=\"async\" src=\"https:\/\/www.quizzzit.nl\/assets\/website_recensie\/000012-20200901134838-bedrijfsquiz-ijzeren-man-met-quizzzit.png\" alt=\"logo\"\/><\/figure>\n\n\n\n<p>Teste profissional e interativo com apresentadores entusiastas! Com perguntas actuais e perguntas pr\u00f3prias, o quiz \u00e9 perfeito para actividades privadas e empresariais.&nbsp;<strong>Em suma, definitivamente recomendado se estiver \u00e0 procura de uma atividade agrad\u00e1vel e variada!<\/strong><\/p>\n\n\n\n<p><strong>Ijzeren Man Vught<\/strong><\/p>\n\n\n\n<figure class=\"wp-block-image\"><img decoding=\"async\" src=\"https:\/\/www.quizzzit.nl\/assets\/website_recensie\/000035-20200901134849-bedrijfsquiz-nos-quiz-quizzzit.png\" alt=\"logo\"\/><\/figure>\n\n\n\n<p>O question\u00e1rio do Quizzzit \u00e9 altamente recomendado.&nbsp;<strong>O pessoal \u00e9 incrivelmente flex\u00edvel!<\/strong>&nbsp;Isto \u00e9 muito bom! As perguntas s\u00e3o de um n\u00edvel desafiante e as caixas de vota\u00e7\u00e3o funcionam muito bem. \u00c9 bom ver quantas equipas acertaram ou erraram na pergunta. Gost\u00e1mos muito e recomendamos o Quizzzit a toda a gente. Jog\u00e1mos com 120 pessoas e todos ficaram entusiasmados. Obrigado!<\/p>\n\n\n\n<p><strong>NOS<\/strong><\/p>\n\n\n\n<figure class=\"wp-block-image\"><img decoding=\"async\" src=\"https:\/\/www.quizzzit.nl\/assets\/website_recensie\/000014-20200901134900-zorginstelling-hogeweyk-quiz-met-quizzzit.jpg\" alt=\"logo\"\/><\/figure>\n\n\n\n<p><strong>Hilariante.<\/strong>&nbsp;N\u00f3s (volunt\u00e1rios do lar de idosos the hogeweyk) tivemos uma tarde muito bem-sucedida liderada por um&nbsp;<strong>grande mestre de perguntas<\/strong><\/p>\n\n\n\n<p><strong>Lar de idosos de Hogeweyk<\/strong><\/p>\n\n\n\n<figure class=\"wp-block-image\"><img decoding=\"async\" src=\"https:\/\/www.quizzzit.nl\/assets\/website_recensie\/000015-20200901134909-bedrijfsquiz-center-parcs-met-quizzzit.jpg\" alt=\"logo\"\/><\/figure>\n\n\n\n<p>Noite fant\u00e1stica que teve como componente o QUIZzzIT. Espetacular!<\/p>\n\n\n\n<p><strong>Centerparcs Port Zelande<\/strong><\/p>\n\n\n\n<figure class=\"wp-block-image\"><img decoding=\"async\" src=\"https:\/\/www.quizzzit.nl\/assets\/website_recensie\/000016-20200901134921-bedrijfsquiz-royal-flora-met-quizzzit.jpg\" alt=\"logo\"\/><\/figure>\n\n\n\n<p>Uma noite fant\u00e1stica com Quizzzit.&nbsp;<strong>Uma quantidade incr\u00edvel de risos!<\/strong><\/p>\n\n\n\n<p><strong>Royal Flora Holanda<\/strong><\/p>\n\n\n\n<figure class=\"wp-block-image\"><img decoding=\"async\" src=\"https:\/\/www.quizzzit.nl\/assets\/website_recensie\/000017-20200901135248-bedrijfsquiz-woonstichting-de-key-met-quizzzit.png\" alt=\"logo\"\/><\/figure>\n\n\n\n<p>Um \u00f3timo teste de pub!<br>O question\u00e1rio foi previamente instalado pelo QUIZzzIT num computador port\u00e1til.&nbsp;<strong>O software \u00e9 de f\u00e1cil utiliza\u00e7\u00e3o e o servi\u00e7o \u00e9 de primeira qualidade!<\/strong><\/p>\n\n\n\n<p><strong>Woonstichting de Key<\/strong><\/p>\n\n\n\n<figure class=\"wp-block-image\"><img decoding=\"async\" src=\"https:\/\/www.quizzzit.nl\/assets\/website_recensie\/000018-20200901135301-bedrijfsquiz-servicebureau-kinderopvang-met-quizzzit.png\" alt=\"logo\"\/><\/figure>\n\n\n\n<p>Foi muito agrad\u00e1vel a colabora\u00e7\u00e3o com a Quizzzit na prepara\u00e7\u00e3o de um mini-simp\u00f3sio organizado pelo Service Bureau Kinderopvang: Spelend leren....over toddlers! Dirk-Jan foi muito atencioso no conte\u00fado final do programa, onde os neg\u00f3cios eram primordiais, mas tamb\u00e9m havia espa\u00e7o para um pouco de humor. At\u00e9 ao \u00faltimo dia, ainda era poss\u00edvel efetuar ajustamentos.&nbsp;<strong>\u00c9 bom que a coopera\u00e7\u00e3o possa ser t\u00e3o flex\u00edvel.<\/strong><\/p>\n\n\n\n<p><strong>Servi\u00e7o de acolhimento de crian\u00e7as<\/strong><\/p>\n\n\n\n<figure class=\"wp-block-image\"><img decoding=\"async\" src=\"https:\/\/www.quizzzit.nl\/assets\/website_recensie\/000019-20200901135313-bedrijfsquiz-techdata-met-quizzzit.jpg\" alt=\"logo\"\/><\/figure>\n\n\n\n<p><strong>Sem d\u00favida, altamente recomendado!<\/strong>&nbsp;O Quizzzit animou uma sa\u00edda de pessoal para n\u00f3s. De antem\u00e3o, tinha algumas d\u00favidas se todos iriam participar ativamente, mas&nbsp;<strong>deixa-se levar automaticamente<\/strong>&nbsp;pelas perguntas interactivas e pelos clipes de filmes c\u00f3micos como introdu\u00e7\u00e3o \u00e0s perguntas do question\u00e1rio. Muito bem feito, obrigado!<\/p>\n\n\n\n<p><strong>Dados t\u00e9cnicos<\/strong><\/p>\n\n\n\n<figure class=\"wp-block-image\"><img decoding=\"async\" src=\"https:\/\/www.quizzzit.nl\/assets\/website_recensie\/000020-20200901135322-bedrijfsquiz-ovo-met-quizzzit.png\" alt=\"logo\"\/><\/figure>\n\n\n\n<p>Jog\u00e1mos o quiz \"de tudo\" do Quizzzit com 123 senhoras da nossa Organiza\u00e7\u00e3o de Mulheres de Overloon.<br>Era um programa completo.&nbsp;<strong>No final, as senhoras elogiaram a composi\u00e7\u00e3o das perguntas (frequentemente humor\u00edsticas).<\/strong>&nbsp;As perguntas eram variadas: atrav\u00e9s de texto, bem como de filmes e clips de som. A utiliza\u00e7\u00e3o de urnas de voto tamb\u00e9m foi muito popular.<br><strong>Altamente recomendado!<\/strong><br><\/p>\n\n\n\n<p><strong>OVO<\/strong><\/p>\n\n\n\n<figure class=\"wp-block-image\"><img decoding=\"async\" src=\"https:\/\/www.quizzzit.nl\/assets\/website_recensie\/000036-20200901135332-bedrijfsquiz-abn-amro-quiz-quizzzit.png\" alt=\"logo\"\/><\/figure>\n\n\n\n<p>Uma forma muito divertida de fazer um Quizz!&nbsp;<strong>Coopera\u00e7\u00e3o super fina<\/strong>&nbsp;com o Quizzzit, que responde muito rapidamente e n\u00e3o o sobrecarrega de forma alguma.<\/p>\n\n\n\n<p><strong>ABN AMRO<\/strong><\/p>\n\n\n\n<figure class=\"wp-block-image\"><img decoding=\"async\" src=\"https:\/\/www.quizzzit.nl\/assets\/website_recensie\/000025-20200901135343-bedrijfsquiz-oseven-met-quizzzit.png\" alt=\"logo\"\/><\/figure>\n\n\n\n<p>Fiquei muito contente por saber que o meu cliente teve uma noite fant\u00e1stica. E que o quiz do Quizzzit contribuiu muito para isso.&nbsp;<strong>Era rir, gritar e rugir<\/strong>. Fiquei contente por saber que, como Gestor de Conta da&nbsp;<a href=\"https:\/\/www.facebook.com\/OsevenHF\/?__tn__=K-R&amp;eid=ARAWK0bUA_OQHv43rCqW8s9LRkHvZY9R3pyVzGVo4enA3UDzF87QCim6ZWI9_xe1roD2aP_vBNTKB6if&amp;fref=mentions&amp;__xts__%5B0%5D=68.ARD5Vz_odbAd8iltZfgevLZQjvSVsgUARZe07FmerWdzGPJMiw0HAHSO9zOgU2LJJq5yqAQlUVfdfdZJrke8bFoS49KjN3y2ZrZxTYvywSnk67IlTJUz-4lhGPtL3Q3i2UPIEVf3dDC0-TCAfb6gTwFG2Qx0ycGugzI1GX_VWPu1MM3XltshSbfhiZRo2rIlTT12EgbDiN2AcJfNW-A\" target=\"_blank\" rel=\"noopener\">Oseven, happening e comida<\/a>&nbsp;Que a festa do pessoal excedeu as expectativas. Tamb\u00e9m quer viver uma noite t\u00e3o fant\u00e1stica e est\u00e1 apenas \u00e0 procura de um local? Contacte-me em janine.vanderputten@oseven.com<\/p>\n\n\n\n<p><strong>OSEVEN<\/strong><\/p>\n\n\n\n<figure class=\"wp-block-image\"><img decoding=\"async\" src=\"https:\/\/www.quizzzit.nl\/assets\/website_recensie\/000026-20200901135356-bedrijfsquiz-easyfairs-met-quizzzit.png\" alt=\"logo\"\/><\/figure>\n\n\n\n<p>No passado m\u00eas de setembro, contrat\u00e1mos a equipa Quizzzit da Easyfairs. Para a nossa reuni\u00e3o de clientes, procur\u00e1vamos uma componente de programa interactiva e cheia de anima\u00e7\u00e3o.&nbsp;<strong>A malta do Quizzzit fez jus a isso!<\/strong>&nbsp;Os question\u00e1rios do Quizzzit s\u00e3o originais, profissionais e cont\u00eam uma boa dose de humor.&nbsp;<strong>Os nossos clientes ficaram muito entusiasmados com o question\u00e1rio e com o apresentador que o acompanhava.<\/strong><\/p>\n\n\n\n<p><strong>Easyfairs<\/strong><\/p>\n\n\n\n<figure class=\"wp-block-image\"><img decoding=\"async\" src=\"https:\/\/www.quizzzit.nl\/assets\/website_recensie\/000027-20200901135408-bedrijfsquiz-turien-met-quizzzit.jpg\" alt=\"logo\"\/><\/figure>\n\n\n\n<p>Em colabora\u00e7\u00e3o com o Quizzzit, cri\u00e1mos um pequeno mas recheado question\u00e1rio para 250 colegas em honra do 50\u00ba anivers\u00e1rio da nossa empresa. Uma mistura do question\u00e1rio \"de tudo\" do Quizzzit com as nossas pr\u00f3prias perguntas sobre o ano de 1967.<\/p>\n\n\n\n<p><strong>Boa comunica\u00e7\u00e3o, software de qualidade e equipamento s\u00f3lido<\/strong>. Lig\u00e1mos tudo sem qualquer problema. A apresenta\u00e7\u00e3o estava nas nossas pr\u00f3prias m\u00e3os, mas parec\u00edamos profissionais!<\/p>\n\n\n\n<p><strong>Turien<\/strong><\/p>\n\n\n\n<figure class=\"wp-block-image\"><img decoding=\"async\" src=\"https:\/\/www.quizzzit.nl\/assets\/website_recensie\/000028-20200901135419-bedrijfsquiz-fortuna-sittard-met-quizzzit.jpg\" alt=\"logo\"\/><\/figure>\n\n\n\n<p>Em nome da Fortuna Sittard, organiz\u00e1mos um evento empresarial para cerca de 75 pessoas na passada quarta-feira, em colabora\u00e7\u00e3o com a QUIZzzIT. O objetivo era p\u00f4r os patrocinadores em contacto uns com os outros de uma forma informal. Os patrocinadores que n\u00e3o se conheciam antes come\u00e7aram a falar uns com os outros durante e ap\u00f3s o quiz.&nbsp;<strong>Gra\u00e7as \u00e0 abordagem profissional da QUIZzzIT, a noite correu bem para todos e houve muitas gargalhadas!<\/strong><\/p>\n\n\n\n<p><strong>Fortuna Sittard<\/strong><\/p>\n\n\n\n<figure class=\"wp-block-image\"><img decoding=\"async\" src=\"https:\/\/www.quizzzit.nl\/assets\/website_recensie\/000029-20200901135431-bedrijfsquiz-parhmalead-met-quizzzit.png\" alt=\"logo\"\/><\/figure>\n\n\n\n<p>Em 4 de abril, desfrut\u00e1mos de um grande quiz organizado pela Quizzzit com a Funda\u00e7\u00e3o Opmaat e Jan Ligthart durante o nosso primeiro evento de PU. Fizemos perguntas a mais de 400 pessoas de cada vez, utilizando caixas de voto. Foi muito emocionante saber se tudo iria resultar, mas o ambiente era \u00f3timo, a tecnologia funcionou muito bem e gost\u00e1mos imenso.&nbsp;<strong>\u00c9 \u00f3timo poder organizar um evento com pessoas t\u00e3o profissionais.<\/strong>&nbsp;Obrigado!<\/p>\n\n\n\n<p><strong>Funda\u00e7\u00e3o \u00e0 medida<\/strong><\/p>\n\n\n\n<figure class=\"wp-block-image\"><img decoding=\"async\" src=\"https:\/\/www.quizzzit.nl\/assets\/website_recensie\/000031-20190923103509-pharmalead.png\" alt=\"logo\"\/><\/figure>\n\n\n\n<p>Noite fant\u00e1stica na PharmaLead com destaque para o Quizzzit!<\/p>\n\n\n\n<p><strong>Pharmalead<\/strong><\/p>\n\n\n\n<figure class=\"wp-block-image\"><img decoding=\"async\" src=\"https:\/\/www.quizzzit.nl\/assets\/website_recensie\/000032-20200901135441-volleybalvereniging-bravoc-met-quizzzit.jpg\" alt=\"logo\"\/><\/figure>\n\n\n\n<p>O clube de voleibol Grovoc celebrou o seu 50\u00ba anivers\u00e1rio, motivo para uma festa. Contrat\u00e1mos a Quizzzit para nos preparar um divertido quiz, para jovens e adultos, que inclu\u00eda perguntas sobre o clube. Foi uma noite de sucesso! Todos se divertiram e participaram fanaticamente.&nbsp;<strong>Enquanto organizadores, s\u00f3 recebemos reac\u00e7\u00f5es positivas.<\/strong>&nbsp;Vale mesmo a pena repetir! Obrigado pelo \u00f3timo servi\u00e7o e pela noite super divertida!!!!!<\/p>\n\n\n\n<p><strong>Voleibolver. Grovoc<\/strong><\/p>\n\n\n\n<figure class=\"wp-block-image\"><img decoding=\"async\" src=\"https:\/\/www.quizzzit.nl\/assets\/website_recensie\/000033-20200901135452-bedrijfsquiz-emerson-met-quizzzit.png\" alt=\"logo\"\/><\/figure>\n\n\n\n<p>O question\u00e1rio era variado e continha tamb\u00e9m clips engra\u00e7ados que nos fizeram rir muito. A resposta atrav\u00e9s das caixas de voto tamb\u00e9m foi ideal.&nbsp;<strong>Como tamb\u00e9m temos colegas que n\u00e3o falam neerland\u00eas, o question\u00e1rio foi apresentado em duas l\u00ednguas para que tamb\u00e9m pudessem participar.<\/strong>&nbsp;A nossa chefe de quiz, Linda, estava muito entusiasmada e at\u00e9 p\u00f4s os colegas a dan\u00e7ar e a cantar! Resumindo, se quer um quiz divertido, soci\u00e1vel e interativo, ent\u00e3o o Quizzzit \u00e9 o lugar certo!<\/p>\n\n\n\n<p><strong>Emerson<\/strong><\/p>\n\n\n\n<figure class=\"wp-block-image\"><img decoding=\"async\" src=\"https:\/\/www.quizzzit.nl\/assets\/website_recensie\/000034-20200901135540-bedrijfsquiz-vue-met-quizzzit.jpg\" alt=\"logo\"\/><\/figure>\n\n\n\n<p>Na passada sexta-feira, realiz\u00e1mos uma sa\u00edda de pessoal no Vue Heerhugowaard. Para este evento, contrat\u00e1mos a Quizzzit, com a qual tivemos um excelente contacto desde o in\u00edcio at\u00e9 ao fim! Como temos uma equipa variada, as perguntas foram divertidas tanto para os mais novos como para os mais velhos!!!&nbsp;<strong>O pessoal estava t\u00e3o entusiasmado que acabou com uma grande festa! Super satisfeitos!<\/strong><\/p>\n\n\n\n<p><strong>Cinemas VUE<\/strong><\/p>\n\n\n\n<figure class=\"wp-block-image\"><img decoding=\"async\" src=\"https:\/\/www.quizzzit.nl\/assets\/website_recensie\/000011-20200901135552-bedrijfsquiz-ohra-met-quizzzit.jpg\" alt=\"logo\"\/><\/figure>\n\n\n\n<p>Divertimo-nos no s\u00e1bado passado na festa da nossa empresa OHRA com a ajuda da malta do Quizzzit. O Pim e o Mitchell foram os melhores,&nbsp;<strong>grande orienta\u00e7\u00e3o, caixas de voto profissionais e perguntas hilariantes<\/strong>. Vale mesmo a pena repetir!<\/p>\n\n\n\n<p><strong>Kim Gebhardt (OHRA)<\/strong><\/p>\n\n\n\n<figure class=\"wp-block-image\"><img decoding=\"async\" src=\"https:\/\/www.quizzzit.nl\/assets\/website_recensie\/000007-20200901135613-bedrijfsquiz-kasteel-de-keverberg-met-quizzzit.jpg\" alt=\"logo\"\/><\/figure>\n\n\n\n<p><strong>Atividade super divertida<\/strong>&nbsp;que foi muito bem recebido em @KasteelDeKeverberg numa rece\u00e7\u00e3o de Natal. As urnas de vota\u00e7\u00e3o tornaram-no muito&nbsp;<strong>interativo<\/strong>&nbsp;\u00e9 o seu ponto alto e, certamente, a possibilidade de introduzir as suas pr\u00f3prias perguntas proporciona muitas&nbsp;<strong>hilaridade<\/strong>&nbsp;E o fanatismo para vencer! Altamente recomendado.<\/p>\n\n\n\n<p><strong>Castelo de Keverberg<\/strong><\/p>\n\n\n\n<figure class=\"wp-block-image\"><img decoding=\"async\" src=\"https:\/\/www.quizzzit.nl\/assets\/website_recensie\/000008-20200901135624-bedrijfsquiz-ing-met-quizzzit.jpg\" alt=\"logo\"\/><\/figure>\n\n\n\n<p>Obrigado pelo excelente question\u00e1rio para o nosso evento ING!&nbsp;<strong>Apesar do curto per\u00edodo de prepara\u00e7\u00e3o<\/strong>, fizeram deste um \u00f3timo teste. A sala estava toda entusiasmada e ficava mais fan\u00e1tica a cada pergunta. Mais uma vez, obrigado!<\/p>\n\n\n\n<p><strong>Avital Laibowitz (ING)<\/strong><\/p>\n\n\n\n<figure class=\"wp-block-image\"><img decoding=\"async\" src=\"https:\/\/www.quizzzit.nl\/assets\/website_recensie\/000009-20200901135640-bedrijfsquiz-st-antonius-ziekenhuis-met-quizzzit.png\" alt=\"logo\"\/><\/figure>\n\n\n\n<p>Em dezembro, o Quizzzit organizou um concurso muito divertido no nosso Hospital Antonius. Os preparativos correram bem, com uma boa coordena\u00e7\u00e3o entre n\u00f3s relativamente aos nossos desejos.&nbsp;<strong>O quiz foi um grande sucesso a um pre\u00e7o muito atrativo.<\/strong>&nbsp;Vale mesmo a pena repetir.<\/p>\n\n\n\n<p><strong>Hospital St Antonius<\/strong><\/p>\n\n\n\n<figure class=\"wp-block-image\"><img decoding=\"async\" src=\"https:\/\/www.quizzzit.nl\/assets\/website_recensie\/000030-20200901135702-bedrijfsquiz-hartstichting-met-quizzzit.png\" alt=\"logo\"\/><\/figure>\n\n\n\n<p>N\u00f3s (Funda\u00e7\u00e3o do Cora\u00e7\u00e3o) tivemos uma fant\u00e1stica bebida de Natal com a Quizzzit!&nbsp;<strong>Tudo divertido, competi\u00e7\u00e3o l\u00fadica entre as equipas e, acima de tudo, muita divers\u00e3o!<\/strong>&nbsp;Tamb\u00e9m pode ser implementado como um conceito de angaria\u00e7\u00e3o de fundos!<\/p>\n\n\n\n<p><strong>Funda\u00e7\u00e3o do Cora\u00e7\u00e3o<\/strong><\/p>\n\n\n\n<figure class=\"wp-block-image\"><img decoding=\"async\" src=\"https:\/\/www.quizzzit.nl\/assets\/website_recensie\/000001-20200901135714-bedrijfsquiz-rabobank-met-quizzzit.jpg\" alt=\"logo\"\/><\/figure>\n\n\n\n<p>Uma noite super divertida! Quizzzit organizou o quiz para n\u00f3s no restaurante onde jant\u00e1mos. Ambiente interativo agrad\u00e1vel e&nbsp;<strong>apresentador entusiasta!<\/strong><\/p>\n\n\n\n<p><strong>Teun de Pont (Rabobank)<\/strong><\/p>\n\n\n\n<figure class=\"wp-block-image\"><img decoding=\"async\" src=\"https:\/\/www.quizzzit.nl\/assets\/website_recensie\/000010-20190904210531-gemeente-onderbanken.jpg\" alt=\"logo\"\/><\/figure>\n\n\n\n<p>No munic\u00edpio de Onderbanken, n\u00f3s, departamento de assist\u00eancia social e servi\u00e7o de campo, recebemos a tarefa de organizar as celebra\u00e7\u00f5es de Natal. N\u00e3o parecia ser uma tarefa f\u00e1cil. Mas quando ouvimos falar de Quizzzit e os contact\u00e1mos, tudo se tornou mais f\u00e1cil.&nbsp;<strong>Ap\u00f3s uma breve prepara\u00e7\u00e3o conjunta, a tarde de Natal foi um sucesso estrondoso<\/strong>. Todos estavam entusiasmados e as perguntas feitas \u00e0 medida tamb\u00e9m eram hilariantes. Altamente recomendado!<\/p>\n\n\n\n<p><strong>Niels Meijers<\/strong><br><\/p>\n\t\t\t\t\t\t\t\t<\/div>\n\t\t\t\t<\/div>\n\t\t\t\t<\/div>\n\t\t\t\t\t<\/div>\n\t\t\t\t<\/div>\n\t\t\t\t<\/div>","protected":false},"excerpt":{"rendered":"<p>Fiz Quizzzit com toda a equipa editorial de EenVandaag na praia de Zandvoort. Uma batalha super divertida entre equipas de dois com algo para todos: conhecimento, m\u00fasica, previs\u00f5es... muito interativo! E concentr\u00e1mos parcialmente as perguntas do Quizzzit no nosso pr\u00f3prio clube. \u00c9 altamente recomend\u00e1vel. E parab\u00e9ns pelo facto de o apresentador Gerben van Driel ter superado as nossas gargalhadas, [...]<\/p>","protected":false},"author":1,"featured_media":0,"parent":0,"menu_order":0,"comment_status":"closed","ping_status":"closed","template":"","meta":{"footnotes":""},"class_list":["post-1951","page","type-page","status-publish","hentry"],"_links":{"self":[{"href":"https:\/\/quizzzit.nl\/pt\/wp-json\/wp\/v2\/pages\/1951","targetHints":{"allow":["GET"]}}],"collection":[{"href":"https:\/\/quizzzit.nl\/pt\/wp-json\/wp\/v2\/pages"}],"about":[{"href":"https:\/\/quizzzit.nl\/pt\/wp-json\/wp\/v2\/types\/page"}],"author":[{"embeddable":true,"href":"https:\/\/quizzzit.nl\/pt\/wp-json\/wp\/v2\/users\/1"}],"replies":[{"embeddable":true,"href":"https:\/\/quizzzit.nl\/pt\/wp-json\/wp\/v2\/comments?post=1951"}],"version-history":[{"count":0,"href":"https:\/\/quizzzit.nl\/pt\/wp-json\/wp\/v2\/pages\/1951\/revisions"}],"wp:attachment":[{"href":"https:\/\/quizzzit.nl\/pt\/wp-json\/wp\/v2\/media?parent=1951"}],"curies":[{"name":"wp","href":"https:\/\/api.w.org\/{rel}","templated":true}]}}