{"id":1947,"date":"2025-05-09T10:16:49","date_gmt":"2025-05-09T08:16:49","guid":{"rendered":"https:\/\/dev33.otrmedia.nl\/?page_id=1947"},"modified":"2025-05-09T13:31:37","modified_gmt":"2025-05-09T11:31:37","slug":"quiz-op-maat","status":"publish","type":"page","link":"https:\/\/quizzzit.nl\/pt\/quiz-op-maat\/","title":{"rendered":"Question\u00e1rio feito \u00e0 medida"},"content":{"rendered":"<p>Farto de question\u00e1rios gen\u00e9ricos? N\u00e3o procure mais! A Quizzzit oferece um question\u00e1rio personalizado, totalmente adaptado \u00e0s suas necessidades, tema e grupo-alvo. Surpreenda-se com perguntas interactivas e tarefas desafiantes. Quer se trate de uma festa de empresa, de um anivers\u00e1rio ou de uma noite acolhedora com os amigos, com o nosso quiz de pub personalizado tem sempre garantida uma experi\u00eancia inesquec\u00edvel!<\/p>\n\n\n\n<p><a href=\"https:\/\/quizzzit.nl\/pt\/pakketten\/#boeknu\"><strong>Reservar agora<\/strong>!<\/a><\/p>\n\n\n\n<p><strong>O que \u00e9 um question\u00e1rio personalizado?<\/strong><\/p>\n\n\n\n<p>Um mini-teste personalizado \u00e9 um mini-teste especialmente concebido e totalmente adaptado ao seu evento. Quer se trate de uma festa de empresa, de um anivers\u00e1rio ou de uma atividade de forma\u00e7\u00e3o de equipas, um quiz personalizado proporciona uma experi\u00eancia interactiva e divertida que se adapta perfeitamente ao seu p\u00fablico-alvo e ao seu tema. Os nossos mestres de quiz profissionais lev\u00e1-lo-\u00e3o numa viagem de quiz cheia de perguntas divertidas, tarefas desafiantes e uma dose saud\u00e1vel de competi\u00e7\u00e3o.<\/p>\n\n\n\n<p><strong>Porqu\u00ea escolher um quiz de pub Quizzzit personalizado?<\/strong><\/p>\n\n\n\n<p>Quando escolhe um quiz de pub no local da Quizzzit, pode contar com:<\/p>\n\n\n\n<ul class=\"wp-block-list\">\n<li><strong>Totalmente adaptado \u00e0s suas necessidades<\/strong>Com um question\u00e1rio personalizado, pode adaptar o question\u00e1rio inteiramente \u00e0s suas necessidades, tema e p\u00fablico-alvo. Quer pretenda um quiz com perguntas sobre a sua empresa, um tema espec\u00edfico ou uma combina\u00e7\u00e3o de t\u00f3picos, certificar-nos-emos de que o quiz se adapta perfeitamente ao seu evento.<\/li>\n\n\n\n<li><strong>Uma experi\u00eancia \u00fanica<\/strong>: o quiz personalizado oferece uma experi\u00eancia \u00fanica e interactiva aos seus convidados. \u00c9 uma \u00f3ptima maneira de reunir as pessoas, independentemente da sua idade ou origem, e permitir-lhes desfrutar de muita divers\u00e3o e de uma dose saud\u00e1vel de competi\u00e7\u00e3o.<\/li>\n\n\n\n<li><strong>Formatos flex\u00edveis de question\u00e1rios<\/strong>No Quizzzit, oferecemos formatos de quiz flex\u00edveis que se adaptam aos seus desejos, necessidades e p\u00fablico. Quer opte por um tradicional quiz de pub personalizado, um emocionante quiz de equipa ou um quiz show interativo, quer esteja a jogar com 30 amigos ou 15.000 colegas, adaptamo-nos \u00e0s suas prefer\u00eancias.<\/li>\n\n\n\n<li><strong>Orienta\u00e7\u00e3o profissional<\/strong>Um quizmaster experiente garante que o quiz no pub decorre sem problemas e mant\u00e9m toda a gente envolvida. Os nossos mestres de quiz trazem entusiasmo e energia ao seu evento e asseguram uma apresenta\u00e7\u00e3o profissional e sem problemas. Isto permite-lhe relaxar e desfrutar da noite, sabendo que tudo est\u00e1 em boas m\u00e3os.<\/li>\n\n\n\n<li><strong>Software de quiz de f\u00e1cil utiliza\u00e7\u00e3o<\/strong>O nosso software avan\u00e7ado de quiz facilita aos participantes a introdu\u00e7\u00e3o das suas respostas e o acompanhamento das pontua\u00e7\u00f5es em tempo real. Com o nosso sistema de f\u00e1cil utiliza\u00e7\u00e3o, o question\u00e1rio decorre sem problemas e sem complica\u00e7\u00f5es.<\/li>\n<\/ul>\n\n\n\n<p><strong>Como funciona um question\u00e1rio personalizado?<\/strong><\/p>\n\n\n\n<p>Fornecemos um processo simplificado para criar e executar o seu question\u00e1rio personalizado, para que n\u00e3o tenha de se preocupar com nada. Basta sentar-se, relaxar e Quizzzit!<\/p>\n\n\n\n<ol class=\"wp-block-list\">\n<li><strong>Entrevista de introdu\u00e7\u00e3o<\/strong>Quando reserva um pub quiz personalizado com o Quizzzit, come\u00e7amos com uma reuni\u00e3o introdut\u00f3ria para discutir os seus desejos e expectativas. Com base nisso, preparamos o pub quiz, incluindo temas, perguntas e quaisquer t\u00f3picos relacionados com a empresa.<\/li>\n\n\n\n<li><strong>Criar o seu question\u00e1rio pessoal personalizado<\/strong>Os nossos mestres de quiz profissionais elaboram um quiz com base nas suas necessidades e no seu tema. Asseguramos um bom equil\u00edbrio entre perguntas dif\u00edceis, tarefas divertidas e elementos interactivos.<\/li>\n\n\n\n<li><strong>Desempenho do question\u00e1rio<\/strong>No dia do evento, os nossos mestres de quiz profissionais encarregam-se da execu\u00e7\u00e3o do quiz personalizado. Orientam o jogo, asseguram o bom desenrolar e criam uma atmosfera en\u00e9rgica e divertida para o seu p\u00fablico.<\/li>\n\n\n\n<li><strong>Depois<\/strong>: no final do pub quiz, os nossos quizmasters contam os pontos e determinam o vencedor. Fazemos sempre da cerim\u00f3nia de entrega de pr\u00e9mios um momento festivo e oferecemos uma recompensa adequada \u00e0 equipa vencedora.<\/li>\n<\/ol>\n\n\n\n<p><strong>Reserve um quiz de pub personalizado no Quizzzit<\/strong><\/p>\n\n\n\n<p>D\u00ea ao seu evento um toque \u00fanico com um quiz personalizado! Os nossos quizzes interactivos personalizados, os nossos mestres de quiz profissionais e as v\u00e1rias op\u00e7\u00f5es de locais ir\u00e3o garantir uma experi\u00eancia inesquec\u00edvel para si e para os seus convidados. N\u00e3o espere mais e aproveite&nbsp;<a href=\"https:\/\/quizzzit.nl\/pt\/contact\/\">contacto<\/a>&nbsp;connosco!&nbsp;<\/p>\n\n\n\n<p>Torne qualquer evento num sucesso com o Quizzzit!<\/p>","protected":false},"excerpt":{"rendered":"<p>Farto de question\u00e1rios gen\u00e9ricos? N\u00e3o procure mais! A Quizzzit oferece um question\u00e1rio personalizado, totalmente adaptado \u00e0s suas necessidades, tema e grupo-alvo. Surpreenda-se com perguntas interactivas e tarefas desafiantes. Quer se trate de uma festa de empresa, de um anivers\u00e1rio ou de uma noite agrad\u00e1vel com os amigos, com o nosso quiz de pub personalizado ser\u00e1 sempre [...]<\/p>","protected":false},"author":1,"featured_media":0,"parent":0,"menu_order":0,"comment_status":"closed","ping_status":"closed","template":"","meta":{"footnotes":""},"class_list":["post-1947","page","type-page","status-publish","hentry"],"_links":{"self":[{"href":"https:\/\/quizzzit.nl\/pt\/wp-json\/wp\/v2\/pages\/1947","targetHints":{"allow":["GET"]}}],"collection":[{"href":"https:\/\/quizzzit.nl\/pt\/wp-json\/wp\/v2\/pages"}],"about":[{"href":"https:\/\/quizzzit.nl\/pt\/wp-json\/wp\/v2\/types\/page"}],"author":[{"embeddable":true,"href":"https:\/\/quizzzit.nl\/pt\/wp-json\/wp\/v2\/users\/1"}],"replies":[{"embeddable":true,"href":"https:\/\/quizzzit.nl\/pt\/wp-json\/wp\/v2\/comments?post=1947"}],"version-history":[{"count":0,"href":"https:\/\/quizzzit.nl\/pt\/wp-json\/wp\/v2\/pages\/1947\/revisions"}],"wp:attachment":[{"href":"https:\/\/quizzzit.nl\/pt\/wp-json\/wp\/v2\/media?parent=1947"}],"curies":[{"name":"wp","href":"https:\/\/api.w.org\/{rel}","templated":true}]}}