{"id":1329,"date":"2025-05-04T12:25:03","date_gmt":"2025-05-04T10:25:03","guid":{"rendered":"https:\/\/dev33.otrmedia.nl\/?page_id=1329"},"modified":"2025-05-09T13:32:57","modified_gmt":"2025-05-09T11:32:57","slug":"privacy-policy","status":"publish","type":"page","link":"https:\/\/quizzzit.nl\/pt\/privacy-policy\/","title":{"rendered":"Pol\u00edtica de privacidade"},"content":{"rendered":"<p>Quizzzit, situado em Witvensedijk 12<br>5296 KH Esch, \u00e9 respons\u00e1vel pelo tratamento de dados pessoais, tal como refletido na presente declara\u00e7\u00e3o de privacidade.<\/p>\n\n\n\n<p>Dados de contacto:<br>https:\/\/www.quizzzit.nl\/nl\/home<br>Witvensedijk 12<br>5296 KH Esch<br>+31 (0)411 60 24 25<br>Maurice Meijer \u00e9 o respons\u00e1vel pela prote\u00e7\u00e3o de dados da Quizzzit. Pode ser contactado atrav\u00e9s do endere\u00e7o info@quizzzit.nl<\/p>\n\n\n\n<p>Dados pessoais que processamos<br>A Quizzzit processa os dados pessoais do utilizador porque este utiliza os nossos servi\u00e7os e\/ou porque o pr\u00f3prio utilizador nos fornece esses dados.<\/p>\n\n\n\n<p>Segue-se uma vis\u00e3o geral dos dados pessoais que processamos:<br>- Nome pr\u00f3prio e apelido<br>- N\u00famero de telefone<br>- Endere\u00e7o de correio eletr\u00f3nico<\/p>\n\n\n\n<p><br>Dados pessoais especiais e\/ou sens\u00edveis que tratamos<br>O nosso s\u00edtio Web e\/ou servi\u00e7o n\u00e3o pretende recolher dados sobre os visitantes do s\u00edtio Web que tenham menos de 16 anos de idade. Exceto se tiverem o consentimento dos pais ou do tutor. No entanto, n\u00e3o podemos verificar se um visitante tem mais de 16 anos. Por conseguinte, aconselhamos os pais a envolverem-se nas actividades em linha dos seus filhos para evitar a recolha de dados sobre crian\u00e7as sem o consentimento dos pais. Se estiver convencido de que recolhemos dados pessoais sobre um menor sem esse consentimento, contacte-nos atrav\u00e9s do endere\u00e7o info@quizzzit.nl e eliminaremos essas informa\u00e7\u00f5es.<\/p>\n\n\n\n<p><br>Para que fins e com que base processamos os dados pessoais<br>A Quizzzit processa os seus dados pessoais para os seguintes fins:<br>- Telefonar ou enviar um e-mail ao utilizador, se necess\u00e1rio, para prestar os nossos servi\u00e7os<\/p>\n\n\n\n<p><br>Tomada de decis\u00f5es automatizada<br>A Quizzzit [toma \/ n\u00e3o toma] decis\u00f5es sobre coisas que podem afetar (significativamente) os indiv\u00edduos com base no processamento autom\u00e1tico. Estas s\u00e3o decis\u00f5es tomadas por programas ou sistemas inform\u00e1ticos, sem o envolvimento de um ser humano (por exemplo, um funcion\u00e1rio da Quizzzit). A Quizzzit utiliza os seguintes programas ou sistemas inform\u00e1ticos:<\/p>\n\n\n\n<p>[indicar o nome do sistema, a raz\u00e3o da sua utiliza\u00e7\u00e3o, a l\u00f3gica subjacente, a import\u00e2ncia e o impacto esperado na pessoa em causa].<\/p>\n\n\n\n<p><br>Durante quanto tempo conservamos os dados pessoais<\/p>\n\n\n\n<p>A Quizzzit n\u00e3o ir\u00e1 reter os seus dados pessoais por mais tempo do que o estritamente necess\u00e1rio para cumprir os objectivos para os quais os seus dados foram recolhidos. Utilizamos os seguintes per\u00edodos de reten\u00e7\u00e3o para as seguintes (categorias de) dados pessoais:<\/p>\n\n\n\n<p>(Categoria) de dados pessoais &gt; Per\u00edodo de conserva\u00e7\u00e3o &gt; Motivo<br>Dados pessoais &gt; Per\u00edodo de conserva\u00e7\u00e3o &gt; Motivo&nbsp;&nbsp;&nbsp;&nbsp;&nbsp;&nbsp;&nbsp;&nbsp;&nbsp;&nbsp;&nbsp;&nbsp;&nbsp;&nbsp;&nbsp;&nbsp;&nbsp;&nbsp;&nbsp;&nbsp;&nbsp;&nbsp;&nbsp; &nbsp;<br>Endere\u00e7o &gt; Per\u00edodo de conserva\u00e7\u00e3o &gt; Motivo<br>E assim por diante &gt; Per\u00edodo de reten\u00e7\u00e3o &gt; Motivo<\/p>\n\n\n\n<p><br>Partilhar dados pessoais com terceiros<br>A Quizzzit s\u00f3 fornece a terceiros e apenas quando necess\u00e1rio para cumprir o nosso acordo consigo ou para cumprir uma obriga\u00e7\u00e3o legal.<\/p>\n\n\n\n<p><br>Cookies, ou t\u00e9cnicas semelhantes, que utilizamos<br>A Quizzzit utiliza cookies funcionais, anal\u00edticos e de rastreio. Um cookie \u00e9 um pequeno ficheiro de texto que \u00e9 armazenado no browser do seu computador, tablet ou smartphone na primeira vez que visita este website. A Quizzzit utiliza cookies com uma funcionalidade meramente t\u00e9cnica. Estes cookies garantem que o website funciona corretamente e que, por exemplo, as suas prefer\u00eancias s\u00e3o recordadas. Estes cookies s\u00e3o tamb\u00e9m utilizados para que o website funcione corretamente e para o otimizar. Al\u00e9m disso, colocamos cookies que registam o seu comportamento de navega\u00e7\u00e3o para que possamos oferecer conte\u00fados e an\u00fancios personalizados.<\/p>\n\n\n\n<p>Na sua primeira visita ao nosso s\u00edtio Web, j\u00e1 o inform\u00e1mos sobre estes cookies e pedimos a sua autoriza\u00e7\u00e3o para os instalar.<\/p>\n\n\n\n<p>O utilizador pode optar por n\u00e3o utilizar cookies, configurando o seu navegador de Internet para deixar de armazenar cookies. Al\u00e9m disso, tamb\u00e9m pode apagar qualquer informa\u00e7\u00e3o previamente armazenada atrav\u00e9s das defini\u00e7\u00f5es do seu browser.<\/p>\n\n\n\n<p>Para uma explica\u00e7\u00e3o, consultar: https:\/\/veiliginternetten.nl\/themes\/situatie\/cookies-wat-zijn-het-en-wat-doe-ik-ermee\/<br>&nbsp;<br>Os cookies tamb\u00e9m s\u00e3o instalados neste s\u00edtio Web por terceiros. Estes incluem, por exemplo, anunciantes e\/ou empresas de redes sociais. Segue-se uma vis\u00e3o geral:<\/p>\n\n\n\n<p>[ Por exemplo:<br>Cookie: Googly Analytics<br>Nome: _utma<br>Fun\u00e7\u00e3o: cookie anal\u00edtico que mede o tr\u00e1fego do s\u00edtio Web<br>Per\u00edodo de conserva\u00e7\u00e3o: 2 anos ]<\/p>\n\n\n\n<p>Ver, modificar ou apagar dados<br>O utilizador tem o direito de aceder, corrigir ou apagar os seus dados pessoais. Tens tamb\u00e9m o direito de retirar o teu eventual consentimento para o processamento de dados ou de te opores ao processamento dos teus dados pessoais pela Quizzzit, e tens o direito \u00e0 portabilidade dos dados. Isto significa que podes pedir-nos que enviemos os dados pessoais que temos sobre ti num ficheiro inform\u00e1tico para ti ou para outra organiza\u00e7\u00e3o por ti indicada.<\/p>\n\n\n\n<p>Pode enviar um pedido de acesso, corre\u00e7\u00e3o, elimina\u00e7\u00e3o, transfer\u00eancia dos seus dados pessoais ou solicitar a revoga\u00e7\u00e3o do seu consentimento ou obje\u00e7\u00e3o ao tratamento dos seus dados pessoais para info@quizzzit.nl.<\/p>\n\n\n\n<p>Para garantir que o pedido de inspe\u00e7\u00e3o \u00e9 feito por si, pedimos-lhe que envie uma c\u00f3pia do seu comprovativo de identidade juntamente com o pedido. Nesta c\u00f3pia, apague a fotografia do passaporte, a MRZ (zona de leitura \u00f3tica, a faixa de n\u00fameros na parte inferior do passaporte), o n\u00famero do passaporte e o N\u00famero de Servi\u00e7o de Cidad\u00e3o (BSN). Esta medida destina-se a proteger a sua privacidade. Responderemos ao seu pedido o mais rapidamente poss\u00edvel, mas no prazo de quatro semanas.<\/p>\n\n\n\n<p>A Quizzzit gostaria tamb\u00e9m de o informar que tem a possibilidade de apresentar uma queixa junto da entidade reguladora nacional, a Autoridade de Prote\u00e7\u00e3o de Dados Pessoais. Pode faz\u00ea-lo atrav\u00e9s do seguinte link: https:\/\/autoriteitpersoonsgegevens.nl\/nl\/contact-met-de-autoriteit-persoonsgegevens\/tip-ons<\/p>\n\n\n\n<p>Como protegemos os dados pessoais<br>A Quizzzit leva a s\u00e9rio a prote\u00e7\u00e3o dos seus dados e toma as medidas adequadas para evitar abusos, perdas, acesso n\u00e3o autorizado, divulga\u00e7\u00e3o indesejada e modifica\u00e7\u00e3o n\u00e3o autorizada. Se tiveres a impress\u00e3o de que os teus dados n\u00e3o est\u00e3o devidamente protegidos ou se houver ind\u00edcios de abuso, contacta o nosso servi\u00e7o de apoio ao cliente ou atrav\u00e9s de info@quizzzit.nl<\/p>","protected":false},"excerpt":{"rendered":"<p>A Quizzzit, localizada em Witvensedijk 125296 KH Esch, \u00e9 respons\u00e1vel pelo tratamento dos dados pessoais apresentados nesta declara\u00e7\u00e3o de privacidade. Detalhes de contacto:https:\/\/www.quizzzit.nl\/nl\/homeWitvensedijk 125296 KH Esch+31 (0)411 60 24 25Maurice Meijer \u00e9 o respons\u00e1vel pela prote\u00e7\u00e3o de dados da QuizzzitEle pode ser contactado em info@quizzzit.nl Dados pessoais que processamosA Quizzzit processa os teus dados pessoais porque usas os nossos servi\u00e7os e\/ou [...]<\/p>","protected":false},"author":1,"featured_media":0,"parent":0,"menu_order":0,"comment_status":"closed","ping_status":"closed","template":"","meta":{"footnotes":""},"class_list":["post-1329","page","type-page","status-publish","hentry"],"_links":{"self":[{"href":"https:\/\/quizzzit.nl\/pt\/wp-json\/wp\/v2\/pages\/1329","targetHints":{"allow":["GET"]}}],"collection":[{"href":"https:\/\/quizzzit.nl\/pt\/wp-json\/wp\/v2\/pages"}],"about":[{"href":"https:\/\/quizzzit.nl\/pt\/wp-json\/wp\/v2\/types\/page"}],"author":[{"embeddable":true,"href":"https:\/\/quizzzit.nl\/pt\/wp-json\/wp\/v2\/users\/1"}],"replies":[{"embeddable":true,"href":"https:\/\/quizzzit.nl\/pt\/wp-json\/wp\/v2\/comments?post=1329"}],"version-history":[{"count":0,"href":"https:\/\/quizzzit.nl\/pt\/wp-json\/wp\/v2\/pages\/1329\/revisions"}],"wp:attachment":[{"href":"https:\/\/quizzzit.nl\/pt\/wp-json\/wp\/v2\/media?parent=1329"}],"curies":[{"name":"wp","href":"https:\/\/api.w.org\/{rel}","templated":true}]}}