{"id":1954,"date":"2025-05-09T10:20:10","date_gmt":"2025-05-09T08:20:10","guid":{"rendered":"https:\/\/dev33.otrmedia.nl\/?page_id=1954"},"modified":"2025-05-09T13:30:41","modified_gmt":"2025-05-09T11:30:41","slug":"doe-het-zelf","status":"publish","type":"page","link":"https:\/\/quizzzit.nl\/de\/doe-het-zelf\/","title":{"rendered":"Organisieren Sie Ihr eigenes einzigartiges (Kneipenquiz)"},"content":{"rendered":"<h3 class=\"wp-block-heading\"><em>Ein komplettes Kneipenquiz zum niedrigsten Preis<\/em><\/h3>\n\n\n\n<p>Wussten Sie, dass Sie unsere Kneipenquizze dank unseres Plug&amp;Play-Systems ganz einfach selbst spielen k\u00f6nnen? Ideal, wenn Sie auf der Suche nach einem lustigen Kneipenquiz mit Unterhaltung sind, das Sie mit kleineren Gruppen spielen k\u00f6nnen! Wie w\u00e4re es zum Beispiel mit einem Kneipenquiz f\u00fcr Ihren Betriebsrat oder einem Kneipenquiz mit Ihrer Betriebsfu\u00dfballmannschaft? Oder ein Kneipenquiz beim Freitagnachmittagstrunk? Unser DIY-Paket ist auch die g\u00fcnstigste Variante!<\/p>\n\n\n\n<p><a href=\"https:\/\/quizzzit.nl\/de\/aanvragen\/\"><strong>Jetzt buchen<\/strong>!<\/a><\/p>\n\n\n\n<p><strong>Wie unser Pub-Quiz funktioniert<\/strong><\/p>\n\n\n\n<p>Zwei Tage vor dem Start erhalten Sie von uns eine Quizzzit-Box. Diese enth\u00e4lt einen Laptop, die Abstimmungsboxen und die Kurzanleitung. Wir haben das Kneipenquiz Ihrer Wahl bereits auf dem Laptop installiert. Diesen Laptop schlie\u00dfen Sie vor Ort an einen Fernseher oder Beamer an. Mit der mitgelieferten Quizmaster-Fernbedienung k\u00f6nnen Sie unser professionelles Kneipenquiz selbst spielen und moderieren. Als Kr\u00f6nung k\u00f6nnen Sie Ihr Kneipenquiz mit zielgruppenspezifischen Fragen erg\u00e4nzen.<\/p>\n\n\n\n<p>M\u00f6chten Sie immer noch lieber ein Kneipenquiz mit Quizmaster spielen? Dann klicken Sie\u00a0<a href=\"https:\/\/quizzzit.nl\/de\/quiz-op-locatie\/\">hier<\/a>.<\/p>\n\n\n\n<p><strong>Das ist das Ergebnis:<\/strong><\/p>\n\n\n\n<ul class=\"wp-block-list\">\n<li>Ein interaktives Kneipenquiz, das bei Bedarf angepasst werden kann<\/li>\n\n\n\n<li>Eine Quizzzit-Box mit Laptop, Abstimmungsboxen und Handbuch<\/li>\n<\/ul>\n\n\n\n<p><strong>Ja, mach mir so ein komplettes Kneipenquiz mit Wow-Faktor!<\/strong><br>K\u00f6nnen Sie es nicht erwarten, Ihr eigenes (Kneipen-)Quiz zu organisieren? Dann kontaktieren Sie jetzt unser Quizzzit-Team.<\/p>\n\n\n\n<figure class=\"wp-block-image size-full\"><img fetchpriority=\"high\" decoding=\"async\" width=\"728\" height=\"652\" src=\"https:\/\/quizzzit.nl\/wp-content\/uploads\/2025\/05\/000004-20200825100802-doe-het-zelf-quiz-quizzzit.png\" alt=\"\" class=\"wp-image-1955\" srcset=\"https:\/\/quizzzit.nl\/wp-content\/uploads\/2025\/05\/000004-20200825100802-doe-het-zelf-quiz-quizzzit.png 728w, https:\/\/quizzzit.nl\/wp-content\/uploads\/2025\/05\/000004-20200825100802-doe-het-zelf-quiz-quizzzit-300x269.png 300w\" sizes=\"(max-width: 728px) 100vw, 728px\" \/><\/figure>\n\n\n\n<h2 class=\"wp-block-heading\"><\/h2>","protected":false},"excerpt":{"rendered":"<p>Ein komplettes Kneipenquiz zum g\u00fcnstigsten Preis Wussten Sie, dass Sie unsere Kneipenquiz dank unseres Plug&amp;Play-Systems ganz einfach selbst spielen k\u00f6nnen? Ideal, wenn Sie auf der Suche nach einem unterhaltsamen Kneipenquiz sind, das Sie mit kleineren Gruppen spielen k\u00f6nnen! Wie w\u00e4re es zum Beispiel mit einem Kneipenquiz f\u00fcr Ihren Betriebsrat oder einem Kneipenquiz mit Ihrer Betriebsfu\u00dfballmannschaft? [...]<\/p>","protected":false},"author":1,"featured_media":0,"parent":0,"menu_order":0,"comment_status":"closed","ping_status":"closed","template":"","meta":{"footnotes":""},"class_list":["post-1954","page","type-page","status-publish","hentry"],"_links":{"self":[{"href":"https:\/\/quizzzit.nl\/de\/wp-json\/wp\/v2\/pages\/1954","targetHints":{"allow":["GET"]}}],"collection":[{"href":"https:\/\/quizzzit.nl\/de\/wp-json\/wp\/v2\/pages"}],"about":[{"href":"https:\/\/quizzzit.nl\/de\/wp-json\/wp\/v2\/types\/page"}],"author":[{"embeddable":true,"href":"https:\/\/quizzzit.nl\/de\/wp-json\/wp\/v2\/users\/1"}],"replies":[{"embeddable":true,"href":"https:\/\/quizzzit.nl\/de\/wp-json\/wp\/v2\/comments?post=1954"}],"version-history":[{"count":0,"href":"https:\/\/quizzzit.nl\/de\/wp-json\/wp\/v2\/pages\/1954\/revisions"}],"wp:attachment":[{"href":"https:\/\/quizzzit.nl\/de\/wp-json\/wp\/v2\/media?parent=1954"}],"curies":[{"name":"wp","href":"https:\/\/api.w.org\/{rel}","templated":true}]}}