{"id":1951,"date":"2025-05-09T10:18:09","date_gmt":"2025-05-09T08:18:09","guid":{"rendered":"https:\/\/dev33.otrmedia.nl\/?page_id=1951"},"modified":"2025-05-12T12:40:17","modified_gmt":"2025-05-12T10:40:17","slug":"recensies","status":"publish","type":"page","link":"https:\/\/quizzzit.nl\/de\/recensies\/","title":{"rendered":"Bewertungen quizzzit"},"content":{"rendered":"<div data-elementor-type=\"wp-page\" data-elementor-id=\"1951\" class=\"elementor elementor-1951\" data-elementor-post-type=\"page\">\n\t\t\t\t<div class=\"elementor-element elementor-element-6d70261 e-flex e-con-boxed e-con e-parent\" data-id=\"6d70261\" data-element_type=\"container\" data-settings=\"{&quot;background_background&quot;:&quot;classic&quot;,&quot;jet_parallax_layout_list&quot;:[]}\">\n\t\t\t\t\t<div class=\"e-con-inner\">\n\t\t\t\t<div class=\"elementor-element elementor-element-8bb9b72 elementor-widget elementor-widget-heading\" data-id=\"8bb9b72\" data-element_type=\"widget\" data-widget_type=\"heading.default\">\n\t\t\t\t<div class=\"elementor-widget-container\">\n\t\t\t\t\t<h1 class=\"elementor-heading-title elementor-size-default\">Bewertungen quizzzit<\/h1>\t\t\t\t<\/div>\n\t\t\t\t<\/div>\n\t\t\t\t\t<\/div>\n\t\t\t\t<\/div>\n\t\t<div class=\"elementor-element elementor-element-db2b642 e-flex e-con-boxed e-con e-parent\" data-id=\"db2b642\" data-element_type=\"container\" data-settings=\"{&quot;jet_parallax_layout_list&quot;:[]}\">\n\t\t\t\t\t<div class=\"e-con-inner\">\n\t\t<div class=\"elementor-element elementor-element-92c1a07 e-con-full e-flex e-con e-child\" data-id=\"92c1a07\" data-element_type=\"container\" data-settings=\"{&quot;jet_parallax_layout_list&quot;:[]}\">\n\t\t\t\t<div class=\"elementor-element elementor-element-3d81e1b elementor-widget elementor-widget-html\" data-id=\"3d81e1b\" data-element_type=\"widget\" data-widget_type=\"html.default\">\n\t\t\t\t<div class=\"elementor-widget-container\">\n\t\t\t\t\t<script defer async src='https:\/\/cdn.trustindex.io\/loader.js?4ca711546e860984a366af3defa'><\/script>\t\t\t\t<\/div>\n\t\t\t\t<\/div>\n\t\t\t\t<div class=\"elementor-element elementor-element-061cae4 elementor-widget elementor-widget-text-editor\" data-id=\"061cae4\" data-element_type=\"widget\" data-widget_type=\"text-editor.default\">\n\t\t\t\t<div class=\"elementor-widget-container\">\n\t\t\t\t\t\t\t\t\t\n<figure class=\"wp-block-image\"><img decoding=\"async\" src=\"https:\/\/www.quizzzit.nl\/assets\/website_recensie\/000006-20200901134827-bedrijfsquiz-een-vandaag-met-quizzzit.png\" alt=\"logo\"\/><\/figure>\n\n\n\n<p>Haben Quizzzit mit dem gesamten Redaktionsteam von EenVandaag am Strand von Zandvoort. Super lustiger Kampf zwischen Zweierteams, bei dem f\u00fcr jeden etwas dabei war: Wissen, Musik, Voraussagen... sehr interaktiv! Und wir haben die Quizzzit-Fragen teilweise auf unseren eigenen Club bezogen. Das ist sehr empfehlenswert. Und Chapeau, dass Moderator Gerben van Driel \u00fcber unser Lachen, Staunen und Mitsingen erhaben war und es trotzdem geschafft hat, das Ganze auf Kurs zu halten.&nbsp;<strong>Ich empfehle dies!<\/strong><\/p>\n\n\n\n<p><strong>Rene van Brakel (EenVandaag)<\/strong><\/p>\n\n\n\n<figure class=\"wp-block-image\"><img decoding=\"async\" src=\"https:\/\/www.quizzzit.nl\/assets\/website_recensie\/000012-20200901134838-bedrijfsquiz-ijzeren-man-met-quizzzit.png\" alt=\"logo\"\/><\/figure>\n\n\n\n<p>Professionelles, interaktives Quiz mit begeisterten Moderatoren! Aktuelle Fragen und eigene Fragen, so dass das Quiz sowohl f\u00fcr eine private als auch f\u00fcr eine gesch\u00e4ftliche Aktivit\u00e4t geeignet ist.&nbsp;<strong>Kurzum, auf jeden Fall empfehlenswert, wenn Sie auf der Suche nach einer sch\u00f6nen, abwechslungsreichen Aktivit\u00e4t sind!<\/strong><\/p>\n\n\n\n<p><strong>Ijzeren Mann Vught<\/strong><\/p>\n\n\n\n<figure class=\"wp-block-image\"><img decoding=\"async\" src=\"https:\/\/www.quizzzit.nl\/assets\/website_recensie\/000035-20200901134849-bedrijfsquiz-nos-quiz-quizzzit.png\" alt=\"logo\"\/><\/figure>\n\n\n\n<p>Das Quiz von Quizzzit ist sehr empfehlenswert.&nbsp;<strong>Die Mitarbeiter sind unglaublich flexibel!<\/strong>&nbsp;Das ist sehr sch\u00f6n! Die Fragen sind anspruchsvoll, und die Abstimmungsboxen funktionieren gut. Sch\u00f6n zu sehen, wie viele Teams die Frage richtig oder falsch beantwortet haben. Wir haben es genossen und empfehlen Quizzzit jedem. Wir haben mit 120 Leuten gespielt, und alle waren begeistert. Vielen Dank an Sie!<\/p>\n\n\n\n<p><strong>NOS<\/strong><\/p>\n\n\n\n<figure class=\"wp-block-image\"><img decoding=\"async\" src=\"https:\/\/www.quizzzit.nl\/assets\/website_recensie\/000014-20200901134900-zorginstelling-hogeweyk-quiz-met-quizzzit.jpg\" alt=\"logo\"\/><\/figure>\n\n\n\n<p><strong>Sehr witzig.<\/strong>&nbsp;Wir (Freiwillige aus dem Pflegeheim hogeweyk) hatten einen sehr erfolgreichen Nachmittag, der von einem&nbsp;<strong>gro\u00dfartiger Quizmaster<\/strong><\/p>\n\n\n\n<p><strong>Pflegeheim Hogeweyk<\/strong><\/p>\n\n\n\n<figure class=\"wp-block-image\"><img decoding=\"async\" src=\"https:\/\/www.quizzzit.nl\/assets\/website_recensie\/000015-20200901134909-bedrijfsquiz-center-parcs-met-quizzzit.jpg\" alt=\"logo\"\/><\/figure>\n\n\n\n<p>Fantastischer Abend mit QUIZzzIT als Bestandteil. Fantastisch!<\/p>\n\n\n\n<p><strong>Centerparcs Hafen Zelande<\/strong><\/p>\n\n\n\n<figure class=\"wp-block-image\"><img decoding=\"async\" src=\"https:\/\/www.quizzzit.nl\/assets\/website_recensie\/000016-20200901134921-bedrijfsquiz-royal-flora-met-quizzzit.jpg\" alt=\"logo\"\/><\/figure>\n\n\n\n<p>Super Abend mit Quizzzit gehabt.&nbsp;<strong>Unglaublich viel Gel\u00e4chter!<\/strong><\/p>\n\n\n\n<p><strong>K\u00f6nigliche Flora Holland<\/strong><\/p>\n\n\n\n<figure class=\"wp-block-image\"><img decoding=\"async\" src=\"https:\/\/www.quizzzit.nl\/assets\/website_recensie\/000017-20200901135248-bedrijfsquiz-woonstichting-de-key-met-quizzzit.png\" alt=\"logo\"\/><\/figure>\n\n\n\n<p>Tolles Kneipenquiz!<br>Das Quiz wurde im Vorfeld von QUIZzzIT auf einem Laptop installiert.&nbsp;<strong>Die Software ist benutzerfreundlich und der Service ist erstklassig!<\/strong><\/p>\n\n\n\n<p><strong>Woonstichting de Key<\/strong><\/p>\n\n\n\n<figure class=\"wp-block-image\"><img decoding=\"async\" src=\"https:\/\/www.quizzzit.nl\/assets\/website_recensie\/000018-20200901135301-bedrijfsquiz-servicebureau-kinderopvang-met-quizzzit.png\" alt=\"logo\"\/><\/figure>\n\n\n\n<p>Sehr angenehme Zusammenarbeit mit Quizzzit bei der Vorbereitung eines vom Service Bureau Kinderopvang organisierten Mini-Symposiums: Spelend leren....over toddlers! Dirk-Jan hat den endg\u00fcltigen Inhalt des Programms sehr gut durchdacht, bei dem das Gesch\u00e4ftliche im Vordergrund stand, aber auch Raum f\u00fcr einen Witz oder etwas Humor war. Bis zum letzten Tag konnten noch Anpassungen vorgenommen werden.&nbsp;<strong>Sch\u00f6n, dass die Zusammenarbeit so flexibel sein kann.<\/strong><\/p>\n\n\n\n<p><strong>Serviceb\u00fcro f\u00fcr Kinderbetreuung<\/strong><\/p>\n\n\n\n<figure class=\"wp-block-image\"><img decoding=\"async\" src=\"https:\/\/www.quizzzit.nl\/assets\/website_recensie\/000019-20200901135313-bedrijfsquiz-techdata-met-quizzzit.jpg\" alt=\"logo\"\/><\/figure>\n\n\n\n<p><strong>Auf jeden Fall sehr empfehlenswert!<\/strong>&nbsp;Quizzzit hat einen Betriebsausflug f\u00fcr uns aufgelockert. Ich hatte im Vorfeld einige Zweifel, ob alle aktiv mitmachen w\u00fcrden, aber&nbsp;<strong>man wird automatisch mitgerissen<\/strong>&nbsp;durch die interaktiven Fragen und die witzigen Filmclips als Einleitung zu den Quizfragen. Sehr sch\u00f6n gemacht, danke!<\/p>\n\n\n\n<p><strong>Techdata<\/strong><\/p>\n\n\n\n<figure class=\"wp-block-image\"><img decoding=\"async\" src=\"https:\/\/www.quizzzit.nl\/assets\/website_recensie\/000020-20200901135322-bedrijfsquiz-ovo-met-quizzzit.png\" alt=\"logo\"\/><\/figure>\n\n\n\n<p>Wir haben das Quizzzit-Quiz \"of-anything\" mit 123 Damen aus unserer Overloon Women's Organisation gespielt.<br>Es war ein abendf\u00fcllendes Programm.&nbsp;<strong>Hinterher waren die Damen voll des Lobes \u00fcber die Zusammensetzung der (oft humorvollen) Fragen.<\/strong>&nbsp;Die Fragen waren vielf\u00e4ltig: durch Texte, aber auch durch Film- und Tonaufnahmen. Auch der Einsatz von Wahlurnen war sehr beliebt.<br><strong>\u00c4u\u00dferst empfehlenswert!<\/strong><br><\/p>\n\n\n\n<p><strong>OVO<\/strong><\/p>\n\n\n\n<figure class=\"wp-block-image\"><img decoding=\"async\" src=\"https:\/\/www.quizzzit.nl\/assets\/website_recensie\/000036-20200901135332-bedrijfsquiz-abn-amro-quiz-quizzzit.png\" alt=\"logo\"\/><\/figure>\n\n\n\n<p>Eine sehr unterhaltsame Art des Quizens!&nbsp;<strong>Superfeine Zusammenarbeit<\/strong>&nbsp;mit Quizzzit, wo sie sehr schnell reagieren und Sie v\u00f6llig entlasten.<\/p>\n\n\n\n<p><strong>ABN AMRO<\/strong><\/p>\n\n\n\n<figure class=\"wp-block-image\"><img decoding=\"async\" src=\"https:\/\/www.quizzzit.nl\/assets\/website_recensie\/000025-20200901135343-bedrijfsquiz-oseven-met-quizzzit.png\" alt=\"logo\"\/><\/figure>\n\n\n\n<p>Es hat mich sehr gefreut, von meinem Kunden zu h\u00f6ren, dass sie einen fantastischen Abend hatten. Und dass das Quizzzit-Quiz sehr viel dazu beigetragen hat.&nbsp;<strong>Es wurde gelacht, geschrien und gebr\u00fcllt<\/strong>. Ich war gl\u00fccklich zu h\u00f6ren, dass ich als Account Manager von&nbsp;<a href=\"https:\/\/www.facebook.com\/OsevenHF\/?__tn__=K-R&amp;eid=ARAWK0bUA_OQHv43rCqW8s9LRkHvZY9R3pyVzGVo4enA3UDzF87QCim6ZWI9_xe1roD2aP_vBNTKB6if&amp;fref=mentions&amp;__xts__%5B0%5D=68.ARD5Vz_odbAd8iltZfgevLZQjvSVsgUARZe07FmerWdzGPJMiw0HAHSO9zOgU2LJJq5yqAQlUVfdfdZJrke8bFoS49KjN3y2ZrZxTYvywSnk67IlTJUz-4lhGPtL3Q3i2UPIEVf3dDC0-TCAfb6gTwFG2Qx0ycGugzI1GX_VWPu1MM3XltshSbfhiZRo2rIlTT12EgbDiN2AcJfNW-A\" target=\"_blank\" rel=\"noopener\">Oseven, Happening und Essen<\/a>&nbsp;Dass die Mitarbeiterparty die Erwartungen \u00fcbertroffen hat. M\u00f6chten Sie auch so einen tollen Abend erleben und suchen noch einen Veranstaltungsort? Kontaktieren Sie mich unter janine.vanderputten@oseven.com<\/p>\n\n\n\n<p><strong>OSEVEN<\/strong><\/p>\n\n\n\n<figure class=\"wp-block-image\"><img decoding=\"async\" src=\"https:\/\/www.quizzzit.nl\/assets\/website_recensie\/000026-20200901135356-bedrijfsquiz-easyfairs-met-quizzzit.png\" alt=\"logo\"\/><\/figure>\n\n\n\n<p>Letzten September haben wir das Quizzzit-Team von Easyfairs engagiert. F\u00fcr unser Kundentreffen waren wir auf der Suche nach einem interaktiven Programmpunkt voller Unterhaltung.&nbsp;<strong>Die Jungs von Quizzzit sind dem voll und ganz gerecht geworden!<\/strong>&nbsp;Quizzzits Quizze sind originell, professionell und enthalten eine gute Dosis Humor.&nbsp;<strong>Unsere Kunden waren von dem Quiz und dem begleitenden Moderator sehr begeistert.<\/strong><\/p>\n\n\n\n<p><strong>Leichtigkeit<\/strong><\/p>\n\n\n\n<figure class=\"wp-block-image\"><img decoding=\"async\" src=\"https:\/\/www.quizzzit.nl\/assets\/website_recensie\/000027-20200901135408-bedrijfsquiz-turien-met-quizzzit.jpg\" alt=\"logo\"\/><\/figure>\n\n\n\n<p>In Zusammenarbeit mit Quizzzit haben wir zu Ehren unseres 50-j\u00e4hrigen Firmenjubil\u00e4ums ein kurzes, aber knackiges Quiz f\u00fcr 250 Kollegen zusammengestellt. Eine Mischung aus dem Quizzzit \"of-anything\"-Quiz und unseren eigenen Fragen \u00fcber das Jahr 1967.<\/p>\n\n\n\n<p><strong>Gute Kommunikation, hochwertige Software und solide Ausr\u00fcstung<\/strong>. Wir haben alles selbst angeschlossen, ohne irgendwelche Probleme. Die Pr\u00e4sentation lag in unseren eigenen H\u00e4nden, aber wir sahen aus wie Profis!<\/p>\n\n\n\n<p><strong>Turien<\/strong><\/p>\n\n\n\n<figure class=\"wp-block-image\"><img decoding=\"async\" src=\"https:\/\/www.quizzzit.nl\/assets\/website_recensie\/000028-20200901135419-bedrijfsquiz-fortuna-sittard-met-quizzzit.jpg\" alt=\"logo\"\/><\/figure>\n\n\n\n<p>Im Auftrag von Fortuna Sittard haben wir am vergangenen Mittwoch in Zusammenarbeit mit QUIZzzIT ein Business-Event f\u00fcr rund 75 Personen organisiert. Ziel war es, die Sponsoren auf informelle Weise miteinander in Kontakt zu bringen. Sponsoren, die sich vorher nicht kannten, kamen w\u00e4hrend und nach dem Quiz miteinander ins Gespr\u00e4ch.&nbsp;<strong>Dank der professionellen Vorgehensweise von QUIZzzIT verlief der Abend f\u00fcr alle reibungslos und es wurde viel gelacht!<\/strong><\/p>\n\n\n\n<p><strong>Fortuna Sittard<\/strong><\/p>\n\n\n\n<figure class=\"wp-block-image\"><img decoding=\"async\" src=\"https:\/\/www.quizzzit.nl\/assets\/website_recensie\/000029-20200901135431-bedrijfsquiz-parhmalead-met-quizzzit.png\" alt=\"logo\"\/><\/figure>\n\n\n\n<p>Am 4. April fand im Rahmen unserer ersten PU-Veranstaltung ein gro\u00dfartiges Quiz statt, das von Quizzzit zusammen mit der Opmaat-Stiftung und Jan Ligthart organisiert wurde. Wir haben \u00fcber 400 Personen gleichzeitig mit Hilfe von Abstimmungsboxen befragt. Es war sehr spannend, ob alles klappen w\u00fcrde, aber die Atmosph\u00e4re war gro\u00dfartig, die Technik hat super funktioniert und wir hatten viel Spa\u00df.&nbsp;<strong>Es ist gro\u00dfartig, eine Veranstaltung mit so professionellen Leuten organisieren zu k\u00f6nnen.<\/strong>&nbsp;Danke!<\/p>\n\n\n\n<p><strong>Ma\u00dfgeschneiderte Stiftung<\/strong><\/p>\n\n\n\n<figure class=\"wp-block-image\"><img decoding=\"async\" src=\"https:\/\/www.quizzzit.nl\/assets\/website_recensie\/000031-20190923103509-pharmalead.png\" alt=\"logo\"\/><\/figure>\n\n\n\n<p>Fantastischer Abend bei PharmaLead mit Quizzzit als H\u00f6hepunkt!<\/p>\n\n\n\n<p><strong>Pharmalead<\/strong><\/p>\n\n\n\n<figure class=\"wp-block-image\"><img decoding=\"async\" src=\"https:\/\/www.quizzzit.nl\/assets\/website_recensie\/000032-20200901135441-volleybalvereniging-bravoc-met-quizzzit.jpg\" alt=\"logo\"\/><\/figure>\n\n\n\n<p>Der Volleyballverein Grovoc feierte sein 50-j\u00e4hriges Bestehen, ein Grund f\u00fcr eine Party. Wir haben Quizzzit beauftragt, f\u00fcr uns ein lustiges Quiz f\u00fcr Jung und Alt zusammenzustellen, das auch Wissensfragen \u00fcber den Verein enthielt. Es war ein gelungener Abend! Alle haben sich am\u00fcsiert und begeistert mitgemacht.&nbsp;<strong>Als Organisatoren haben wir nur positive R\u00fcckmeldungen erhalten.<\/strong>&nbsp;Auf jeden Fall eine Wiederholung wert! Vielen Dank f\u00fcr den tollen Service und super lustigen Abend!!!!!<\/p>\n\n\n\n<p><strong>Volleyballver. Grovoc<\/strong><\/p>\n\n\n\n<figure class=\"wp-block-image\"><img decoding=\"async\" src=\"https:\/\/www.quizzzit.nl\/assets\/website_recensie\/000033-20200901135452-bedrijfsquiz-emerson-met-quizzzit.png\" alt=\"logo\"\/><\/figure>\n\n\n\n<p>Das Quiz war abwechslungsreich und enthielt auch lustige Clips, die uns zum Lachen brachten. Auch die Beantwortung \u00fcber die Abstimmungsboxen war ideal.&nbsp;<strong>Da wir auch Kollegen haben, die kein Niederl\u00e4ndisch sprechen, wurde das Quiz in zwei Sprachen pr\u00e4sentiert, damit auch sie teilnehmen konnten.<\/strong>&nbsp;Unsere Quizmasterin Linda war sehr enthusiastisch und brachte die Kollegen sogar zum Tanzen und Singen! Kurz gesagt, wenn Sie ein lustiges, geselliges und interaktives Quiz wollen, ist Quizzzit der richtige Ort daf\u00fcr!<\/p>\n\n\n\n<p><strong>Emerson<\/strong><\/p>\n\n\n\n<figure class=\"wp-block-image\"><img decoding=\"async\" src=\"https:\/\/www.quizzzit.nl\/assets\/website_recensie\/000034-20200901135540-bedrijfsquiz-vue-met-quizzzit.jpg\" alt=\"logo\"\/><\/figure>\n\n\n\n<p>Letzten Freitag hatten wir einen Betriebsausflug im Vue Heerhugowaard. F\u00fcr diese Veranstaltung hatten wir Quizzzit angeheuert, mit denen wir von Anfang bis Ende einen sehr guten Kontakt hatten! Da wir ein bunt gemischtes Team haben, waren die Fragen f\u00fcr Jung und Alt gleicherma\u00dfen lustig!!!&nbsp;<strong>Das Personal war so begeistert, dass es mit einer gro\u00dfen Party endete! Super zufrieden!<\/strong><\/p>\n\n\n\n<p><strong>VUE-Kinos<\/strong><\/p>\n\n\n\n<figure class=\"wp-block-image\"><img decoding=\"async\" src=\"https:\/\/www.quizzzit.nl\/assets\/website_recensie\/000011-20200901135552-bedrijfsquiz-ohra-met-quizzzit.jpg\" alt=\"logo\"\/><\/figure>\n\n\n\n<p>Ich habe letzten Samstag bei unserer OHRA-Firmenfeier mit Hilfe der Jungs von Quizzzit viel Spa\u00df gehabt. Pim und Mitchell, das war erste Sahne,&nbsp;<strong>Tolle Beratung, professionelle Wahlurnen und witzige Fragen<\/strong>. Eine Wiederholung lohnt sich auf jeden Fall!<\/p>\n\n\n\n<p><strong>Kim Gebhardt (OHRA)<\/strong><\/p>\n\n\n\n<figure class=\"wp-block-image\"><img decoding=\"async\" src=\"https:\/\/www.quizzzit.nl\/assets\/website_recensie\/000007-20200901135613-bedrijfsquiz-kasteel-de-keverberg-met-quizzzit.jpg\" alt=\"logo\"\/><\/figure>\n\n\n\n<p><strong>Super lustige Aktivit\u00e4t<\/strong>&nbsp;die im @KasteelDeKeverberg bei einem Weihnachtsempfang sehr gut aufgenommen wurde. Die Wahlurnen machen es sehr&nbsp;<strong>interaktiv<\/strong>&nbsp;ist die Spitze, und die M\u00f6glichkeit, eigene Fragen einzubringen, bietet eine Menge&nbsp;<strong>Heiterkeit<\/strong>&nbsp;Und Fanatismus, um zu gewinnen! \u00c4u\u00dferst empfehlenswert.<\/p>\n\n\n\n<p><strong>Schloss de Keverberg<\/strong><\/p>\n\n\n\n<figure class=\"wp-block-image\"><img decoding=\"async\" src=\"https:\/\/www.quizzzit.nl\/assets\/website_recensie\/000008-20200901135624-bedrijfsquiz-ing-met-quizzzit.jpg\" alt=\"logo\"\/><\/figure>\n\n\n\n<p>Vielen Dank f\u00fcr das tolle Quiz f\u00fcr unsere ING-Veranstaltung!&nbsp;<strong>Trotz der kurzen Vorbereitungszeit<\/strong>Sie haben ein tolles Quiz daraus gemacht. Der ganze Saal war begeistert und wurde mit jeder Frage fanatischer. Nochmals vielen Dank!<\/p>\n\n\n\n<p><strong>Avital Laibowitz (ING)<\/strong><\/p>\n\n\n\n<figure class=\"wp-block-image\"><img decoding=\"async\" src=\"https:\/\/www.quizzzit.nl\/assets\/website_recensie\/000009-20200901135640-bedrijfsquiz-st-antonius-ziekenhuis-met-quizzzit.png\" alt=\"logo\"\/><\/figure>\n\n\n\n<p>Im Dezember veranstaltete Quizzzit ein gro\u00dfes Spa\u00df-Quiz in unserem Antonius-Krankenhaus. Die Vorbereitungen liefen gut und wir haben unsere W\u00fcnsche untereinander gut abgestimmt.&nbsp;<strong>Das Quiz war ein gro\u00dfer Erfolg zu einem sehr attraktiven Preis.<\/strong>&nbsp;Eine Wiederholung lohnt sich auf jeden Fall.<\/p>\n\n\n\n<p><strong>St. Antonius-Hospital<\/strong><\/p>\n\n\n\n<figure class=\"wp-block-image\"><img decoding=\"async\" src=\"https:\/\/www.quizzzit.nl\/assets\/website_recensie\/000030-20200901135702-bedrijfsquiz-hartstichting-met-quizzzit.png\" alt=\"logo\"\/><\/figure>\n\n\n\n<p>Wir (Herzstiftung) hatten einen fantastischen Weihnachtsumtrunk mit Quizzzit!&nbsp;<strong>Spa\u00df, spielerischer Wettbewerb zwischen den Teams und vor allem jede Menge Spa\u00df!<\/strong>&nbsp;Auch als Fundraising-Konzept einsetzbar!<\/p>\n\n\n\n<p><strong>Herzstiftung<\/strong><\/p>\n\n\n\n<figure class=\"wp-block-image\"><img decoding=\"async\" src=\"https:\/\/www.quizzzit.nl\/assets\/website_recensie\/000001-20200901135714-bedrijfsquiz-rabobank-met-quizzzit.jpg\" alt=\"logo\"\/><\/figure>\n\n\n\n<p>Super lustiger Abend! Quizzzit hat das Quiz f\u00fcr uns in dem Restaurant, in dem wir gegessen haben, organisiert. Nette interaktive Umgebung und&nbsp;<strong>begeisterter Redner!<\/strong><\/p>\n\n\n\n<p><strong>Teun de Pont (Rabobank)<\/strong><\/p>\n\n\n\n<figure class=\"wp-block-image\"><img decoding=\"async\" src=\"https:\/\/www.quizzzit.nl\/assets\/website_recensie\/000010-20190904210531-gemeente-onderbanken.jpg\" alt=\"logo\"\/><\/figure>\n\n\n\n<p>In der Gemeinde Onderbanken hatten wir, die Sozialabteilung und der Au\u00dfendienst, die Aufgabe, die Weihnachtsfeier zu organisieren. Keine leichte Aufgabe, wie es schien. Aber als wir von Quizzzit h\u00f6rten und uns mit ihnen in Verbindung setzten, wurde alles schnell aufgepeppt.&nbsp;<strong>Nach einer kurzen gemeinsamen Vorbereitung war der Weihnachtsnachmittag ein voller Erfolg<\/strong>. Alle waren begeistert und die ma\u00dfgeschneiderten Fragen waren auch urkomisch. Sehr zu empfehlen!<\/p>\n\n\n\n<p><strong>Niels Meijers<\/strong><br><\/p>\n\t\t\t\t\t\t\t\t<\/div>\n\t\t\t\t<\/div>\n\t\t\t\t<\/div>\n\t\t\t\t\t<\/div>\n\t\t\t\t<\/div>\n\t\t\t\t<\/div>","protected":false},"excerpt":{"rendered":"<p>Mit dem gesamten Redaktionsteam von EenVandaag am Strand von Zandvoort Quizzzit gemacht. Super sch\u00f6ner Wettkampf zwischen Teams von zwei Personen mit f\u00fcr jeden das Richtige; Wissen, Musik, Vorhersagen\u2026 sehr interaktiv! Und wir haben die Quizzzit-Fragen teilweise auf unseren eigenen Club zugeschnitten. Das ist eine Empfehlung. Und Hut ab, dass Moderator Gerben van Driel \u00fcber unser Lachen, [\u2026]<\/p>","protected":false},"author":1,"featured_media":0,"parent":0,"menu_order":0,"comment_status":"closed","ping_status":"closed","template":"","meta":{"footnotes":""},"class_list":["post-1951","page","type-page","status-publish","hentry"],"_links":{"self":[{"href":"https:\/\/quizzzit.nl\/de\/wp-json\/wp\/v2\/pages\/1951","targetHints":{"allow":["GET"]}}],"collection":[{"href":"https:\/\/quizzzit.nl\/de\/wp-json\/wp\/v2\/pages"}],"about":[{"href":"https:\/\/quizzzit.nl\/de\/wp-json\/wp\/v2\/types\/page"}],"author":[{"embeddable":true,"href":"https:\/\/quizzzit.nl\/de\/wp-json\/wp\/v2\/users\/1"}],"replies":[{"embeddable":true,"href":"https:\/\/quizzzit.nl\/de\/wp-json\/wp\/v2\/comments?post=1951"}],"version-history":[{"count":0,"href":"https:\/\/quizzzit.nl\/de\/wp-json\/wp\/v2\/pages\/1951\/revisions"}],"wp:attachment":[{"href":"https:\/\/quizzzit.nl\/de\/wp-json\/wp\/v2\/media?parent=1951"}],"curies":[{"name":"wp","href":"https:\/\/api.w.org\/{rel}","templated":true}]}}