{"id":1947,"date":"2025-05-09T10:16:49","date_gmt":"2025-05-09T08:16:49","guid":{"rendered":"https:\/\/dev33.otrmedia.nl\/?page_id=1947"},"modified":"2025-05-09T13:31:37","modified_gmt":"2025-05-09T11:31:37","slug":"quiz-op-maat","status":"publish","type":"page","link":"https:\/\/quizzzit.nl\/de\/quiz-op-maat\/","title":{"rendered":"Ma\u00dfgeschneidertes Quiz"},"content":{"rendered":"<p>Haben Sie genug von allgemeinen Quizzen? Suchen Sie nicht weiter! Quizzzit bietet Ihnen ein individuelles Quiz, das ganz auf Ihre Bed\u00fcrfnisse, Ihr Thema und Ihre Zielgruppe zugeschnitten ist. Lassen Sie sich von interaktiven Fragen und herausfordernden Aufgaben \u00fcberraschen. Ob es sich um eine Firmenfeier, ein Jubil\u00e4um oder einen gem\u00fctlichen Abend mit Freunden handelt, mit unserem ma\u00dfgeschneiderten Kneipenquiz ist Ihnen immer ein unvergessliches Erlebnis garantiert!<\/p>\n\n\n\n<p><a href=\"https:\/\/quizzzit.nl\/de\/pakketten\/#boeknu\"><strong>Jetzt buchen<\/strong>!<\/a><\/p>\n\n\n\n<p><strong>Was ist ein individuelles Quiz?<\/strong><\/p>\n\n\n\n<p>Ein ma\u00dfgeschneidertes Quiz ist ein speziell entwickeltes Quiz, das vollst\u00e4ndig auf Ihre Veranstaltung zugeschnitten ist. Egal, ob es sich um eine Firmenfeier, einen Geburtstag oder eine teambildende Ma\u00dfnahme handelt, ein ma\u00dfgeschneidertes Quiz bietet ein interaktives und unterhaltsames Erlebnis, das perfekt zu Ihrer Zielgruppe und Ihrem Thema passt. Unsere professionellen Quizmaster nehmen Sie mit auf eine Quizreise voller lustiger Fragen, herausfordernder Aufgaben und einer gesunden Dosis Wettbewerb.<\/p>\n\n\n\n<p><strong>Warum ein individuelles Quizzzit Kneipenquiz w\u00e4hlen?<\/strong><\/p>\n\n\n\n<p>Wenn Sie sich f\u00fcr ein Kneipenquiz vor Ort von Quizzzit entscheiden, k\u00f6nnen Sie sich darauf verlassen:<\/p>\n\n\n\n<ul class=\"wp-block-list\">\n<li><strong>Vollst\u00e4ndig auf Ihre Bed\u00fcrfnisse zugeschnitten<\/strong>: Mit einem ma\u00dfgeschneiderten Quiz k\u00f6nnen Sie das Quiz ganz auf Ihre Bed\u00fcrfnisse, Ihr Thema und Ihr Zielpublikum abstimmen. Ob Sie ein Quiz mit Fragen \u00fcber Ihr Unternehmen, ein bestimmtes Thema oder eine Kombination von Themen w\u00fcnschen, wir sorgen daf\u00fcr, dass das Quiz perfekt zu Ihrer Veranstaltung passt.<\/li>\n\n\n\n<li><strong>Eine einzigartige Erfahrung<\/strong>: Ein individuelles Quiz bietet ein einzigartiges und interaktives Erlebnis f\u00fcr Ihre G\u00e4ste. Es ist eine gro\u00dfartige M\u00f6glichkeit, Menschen zusammenzubringen, unabh\u00e4ngig von ihrem Alter oder Hintergrund, und ihnen eine Menge Spa\u00df und eine gesunde Dosis Wettbewerb zu bieten.<\/li>\n\n\n\n<li><strong>Flexible Quizformate<\/strong>Bei Quizzzit bieten wir flexible Quizformate an, die Ihren W\u00fcnschen, Bed\u00fcrfnissen und Ihrem Publikum entsprechen. Ob Sie sich f\u00fcr ein traditionelles, individuelles Kneipenquiz, ein spannendes Teamquiz oder eine interaktive Quizshow entscheiden, ob Sie mit 30 Freunden oder 15.000 Kollegen spielen, wir passen uns Ihren W\u00fcnschen an.<\/li>\n\n\n\n<li><strong>Professionelle Beratung<\/strong>Ein erfahrener Quizmaster sorgt daf\u00fcr, dass das Pub-Quiz reibungslos abl\u00e4uft und alle Beteiligten mitmachen. Unsere Quizmaster bringen Enthusiasmus und Energie in Ihre Veranstaltung und sorgen f\u00fcr eine professionelle und reibungslose Pr\u00e4sentation. So k\u00f6nnen Sie sich entspannen und den Abend genie\u00dfen, denn Sie wissen, dass alles in guten H\u00e4nden ist.<\/li>\n\n\n\n<li><strong>Benutzerfreundliche Quizsoftware<\/strong>Unsere fortschrittliche Quizsoftware macht es den Teilnehmern leicht, ihre Antworten einzugeben und ihre Ergebnisse in Echtzeit zu verfolgen. Mit unserem benutzerfreundlichen System l\u00e4uft das Quiz reibungslos und m\u00fchelos ab.<\/li>\n<\/ul>\n\n\n\n<p><strong>Wie funktioniert ein individuelles Quiz?<\/strong><\/p>\n\n\n\n<p>Wir bieten einen optimierten Prozess zur Erstellung und Durchf\u00fchrung Ihres individuellen Quiz, so dass Sie sich um nichts k\u00fcmmern m\u00fcssen. Lehnen Sie sich einfach zur\u00fcck, entspannen Sie sich und Quizzzit!<\/p>\n\n\n\n<ol class=\"wp-block-list\">\n<li><strong>Einleitung Interview<\/strong>Wenn Sie ein individuelles Kneipenquiz bei Quizzzit buchen, beginnen wir mit einem Einf\u00fchrungsgespr\u00e4ch, um Ihre W\u00fcnsche und Erwartungen zu besprechen. Auf dieser Grundlage stellen wir das Kneipenquiz zusammen, einschlie\u00dflich der Themen, Fragen und eventuellen unternehmensbezogenen Themen.<\/li>\n\n\n\n<li><strong>Erstellen Sie Ihr pers\u00f6nliches Quiz<\/strong>Unsere professionellen Quizmaster stellen ein Quiz zusammen, das auf Ihren Anforderungen und Ihrem Thema basiert. Wir sorgen f\u00fcr ein gutes Gleichgewicht zwischen anspruchsvollen Fragen, lustigen Aufgaben und interaktiven Elementen.<\/li>\n\n\n\n<li><strong>Durchf\u00fchrung des Quiz<\/strong>: Am Tag der Veranstaltung k\u00fcmmern sich unsere professionellen Quizmaster um die ma\u00dfgeschneiderte Durchf\u00fchrung des Quiz. Sie leiten das Spiel, sorgen f\u00fcr einen reibungslosen Ablauf und schaffen eine energiegeladene und lustige Atmosph\u00e4re f\u00fcr Ihr Publikum.<\/li>\n\n\n\n<li><strong>Danach<\/strong>: Am Ende des Pub-Quiz z\u00e4hlen unsere Quizmaster die Punkte und ermitteln den Gewinner. Die Preisverleihung ist immer ein festlicher Moment, und das Siegerteam erh\u00e4lt eine angemessene Belohnung.<\/li>\n<\/ol>\n\n\n\n<p><strong>Buchen Sie ein ma\u00dfgeschneidertes Pub-Quiz bei Quizzzit<\/strong><\/p>\n\n\n\n<p>Verleihen Sie Ihrer Veranstaltung mit einem ma\u00dfgeschneiderten Quiz eine einzigartige Note! Unsere ma\u00dfgeschneiderten interaktiven Pub-Quizze, professionellen Quizmaster und verschiedenen Veranstaltungsorte werden Ihnen und Ihren G\u00e4sten ein unvergessliches Erlebnis bieten. Warten Sie nicht l\u00e4nger und nutzen Sie&nbsp;<a href=\"https:\/\/quizzzit.nl\/de\/contact\/\">Kontakt<\/a>&nbsp;mit uns!&nbsp;<\/p>\n\n\n\n<p>Machen Sie jede Veranstaltung zu einem Erfolg mit Quizzzit!<\/p>","protected":false},"excerpt":{"rendered":"<p>Haben Sie genug von allgemeinen Quizzen? Suchen Sie nicht weiter! Quizzzit bietet ein individuelles Quiz, das ganz auf Ihre Bed\u00fcrfnisse, Ihr Thema und Ihre Zielgruppe zugeschnitten ist. Lassen Sie sich von interaktiven Fragen und herausfordernden Aufgaben \u00fcberraschen. Ob es sich um eine Firmenfeier, ein Jubil\u00e4um oder einen gem\u00fctlichen Abend mit Freunden handelt, mit unserem ma\u00dfgeschneiderten Pub-Quiz sind Sie immer [...]<\/p>","protected":false},"author":1,"featured_media":0,"parent":0,"menu_order":0,"comment_status":"closed","ping_status":"closed","template":"","meta":{"footnotes":""},"class_list":["post-1947","page","type-page","status-publish","hentry"],"_links":{"self":[{"href":"https:\/\/quizzzit.nl\/de\/wp-json\/wp\/v2\/pages\/1947","targetHints":{"allow":["GET"]}}],"collection":[{"href":"https:\/\/quizzzit.nl\/de\/wp-json\/wp\/v2\/pages"}],"about":[{"href":"https:\/\/quizzzit.nl\/de\/wp-json\/wp\/v2\/types\/page"}],"author":[{"embeddable":true,"href":"https:\/\/quizzzit.nl\/de\/wp-json\/wp\/v2\/users\/1"}],"replies":[{"embeddable":true,"href":"https:\/\/quizzzit.nl\/de\/wp-json\/wp\/v2\/comments?post=1947"}],"version-history":[{"count":0,"href":"https:\/\/quizzzit.nl\/de\/wp-json\/wp\/v2\/pages\/1947\/revisions"}],"wp:attachment":[{"href":"https:\/\/quizzzit.nl\/de\/wp-json\/wp\/v2\/media?parent=1947"}],"curies":[{"name":"wp","href":"https:\/\/api.w.org\/{rel}","templated":true}]}}