{"id":1329,"date":"2025-05-04T12:25:03","date_gmt":"2025-05-04T10:25:03","guid":{"rendered":"https:\/\/dev33.otrmedia.nl\/?page_id=1329"},"modified":"2025-05-09T13:32:57","modified_gmt":"2025-05-09T11:32:57","slug":"privacy-policy","status":"publish","type":"page","link":"https:\/\/quizzzit.nl\/de\/privacy-policy\/","title":{"rendered":"Datenschutzbestimmungen"},"content":{"rendered":"<p>Quizzzit, gelegen am Witvensedijk 12<br>5296 KH Esch, ist verantwortlich f\u00fcr die Verarbeitung personenbezogener Daten, wie sie in dieser Datenschutzerkl\u00e4rung dargestellt sind.<\/p>\n\n\n\n<p>Kontaktinformationen:<br>https:\/\/www.quizzzit.nl\/nl\/home<br>Witvensedijk 12<br>5296 KH Esch<br>+31 (0)411 60 24 25<br>Maurice Meijer ist der Datenschutzbeauftragte von Quizzzit. Sie erreichen ihn unter info@quizzzit.nl.<\/p>\n\n\n\n<p>Von uns verarbeitete personenbezogene Daten<br>Quizzzit verarbeitet Ihre pers\u00f6nlichen Daten, weil Sie unsere Dienste nutzen und\/oder weil Sie uns diese selbst zur Verf\u00fcgung stellen.<\/p>\n\n\n\n<p>Nachstehend finden Sie einen \u00dcberblick \u00fcber die von uns verarbeiteten personenbezogenen Daten:<br>- Vorname und Nachname<br>- Rufnummer<br>- E-Mail Adresse<\/p>\n\n\n\n<p><br>Besondere und\/oder sensible personenbezogene Daten, die wir verarbeiten<br>Unsere Website und\/oder unser Dienst haben nicht die Absicht, Daten von Website-Besuchern zu sammeln, die unter 16 Jahre alt sind. Es sei denn, sie haben die Zustimmung ihrer Eltern oder Erziehungsberechtigten. Wir k\u00f6nnen jedoch nicht \u00fcberpr\u00fcfen, ob ein Besucher \u00e4lter als 16 Jahre ist. Wir raten daher den Eltern, die Online-Aktivit\u00e4ten ihrer Kinder zu \u00fcberwachen, um zu vermeiden, dass Daten von Kindern ohne elterliche Zustimmung erfasst werden. Wenn Sie davon \u00fcberzeugt sind, dass wir personenbezogene Daten \u00fcber einen Minderj\u00e4hrigen ohne eine solche Zustimmung gesammelt haben, wenden Sie sich bitte an info@quizzzit.nl, und wir werden diese Informationen l\u00f6schen.<\/p>\n\n\n\n<p><br>Zu welchem Zweck und auf welcher Grundlage wir personenbezogene Daten verarbeiten<br>Quizzzit verarbeitet Ihre pers\u00f6nlichen Daten f\u00fcr die folgenden Zwecke:<br>- Sie anzurufen oder per E-Mail zu kontaktieren, wenn dies zur Erbringung unserer Dienstleistungen erforderlich ist<\/p>\n\n\n\n<p><br>Automatisierte Entscheidungsfindung<br>Quizzzit trifft [bzw. trifft nicht] Entscheidungen \u00fcber Dinge, die Einzelpersonen (erheblich) beeintr\u00e4chtigen k\u00f6nnten, auf der Grundlage einer automatisierten Verarbeitung. Dies sind Entscheidungen, die von Computerprogrammen oder -systemen getroffen werden, ohne dass ein Mensch (z. B. ein Mitarbeiter von Quizzzit) daran beteiligt ist. Quizzzit verwendet die folgenden Computerprogramme oder -systeme:<\/p>\n\n\n\n<p>[mit Angabe des Systemnamens, des Verwendungszwecks, der zugrunde liegenden Logik, der Bedeutung und der erwarteten Auswirkungen auf die betroffene Person].<\/p>\n\n\n\n<p><br>Wie lange wir personenbezogene Daten aufbewahren<\/p>\n\n\n\n<p>Quizzzit speichert Ihre personenbezogenen Daten nicht l\u00e4nger als unbedingt erforderlich, um die Zwecke zu erf\u00fcllen, f\u00fcr die Ihre Daten erhoben wurden. Wir verwenden die folgenden Aufbewahrungsfristen f\u00fcr die folgenden (Kategorien von) personenbezogenen Daten:<\/p>\n\n\n\n<p>(Kategorie) personenbezogene Daten &gt; Aufbewahrungsfrist &gt; Grund<br>Personenbezogene Daten &gt; Aufbewahrungsfrist &gt; Grund&nbsp;&nbsp;&nbsp;&nbsp;&nbsp;&nbsp;&nbsp;&nbsp;&nbsp;&nbsp;&nbsp;&nbsp;&nbsp;&nbsp;&nbsp;&nbsp;&nbsp;&nbsp;&nbsp;&nbsp;&nbsp;&nbsp;&nbsp; &nbsp;<br>Adresse &gt; Aufbewahrungsfrist &gt; Grund<br>Und so weiter &gt; Aufbewahrungsfrist &gt; Grund<\/p>\n\n\n\n<p><br>Weitergabe personenbezogener Daten an Dritte<br>Quizzzit stellt Dritten nur dann Daten zur Verf\u00fcgung, wenn dies erforderlich ist, um unsere Vereinbarung mit Ihnen zu erf\u00fcllen oder um einer gesetzlichen Verpflichtung nachzukommen.<\/p>\n\n\n\n<p><br>Cookies oder \u00e4hnliche Techniken, die wir verwenden<br>Quizzzit verwendet funktionale, analytische und Tracking-Cookies. Ein Cookie ist eine kleine Textdatei, die im Browser Ihres Computers, Tablets oder Smartphones gespeichert wird, wenn Sie diese Website zum ersten Mal besuchen. Quizzzit verwendet Cookies mit einer rein technischen Funktion. Diese stellen sicher, dass die Website ordnungsgem\u00e4\u00df funktioniert und dass beispielsweise Ihre Pr\u00e4ferenzen gespeichert werden. Diese Cookies werden auch verwendet, damit die Website ordnungsgem\u00e4\u00df funktioniert und um sie zu optimieren. Dar\u00fcber hinaus platzieren wir Cookies, die Ihr Surfverhalten verfolgen, damit wir Ihnen ma\u00dfgeschneiderte Inhalte und Werbung anbieten k\u00f6nnen.<\/p>\n\n\n\n<p>Bei Ihrem ersten Besuch auf unserer Website haben wir Sie bereits \u00fcber diese Cookies informiert und um Ihr Einverst\u00e4ndnis gebeten, sie zu setzen.<\/p>\n\n\n\n<p>Sie k\u00f6nnen die Verwendung von Cookies ablehnen, indem Sie Ihren Internet-Browser so einstellen, dass keine Cookies mehr gespeichert werden. Dar\u00fcber hinaus k\u00f6nnen Sie \u00fcber die Einstellungen Ihres Browsers alle zuvor gespeicherten Informationen l\u00f6schen.<\/p>\n\n\n\n<p>F\u00fcr eine Erkl\u00e4rung siehe: https:\/\/veiliginternetten.nl\/themes\/situatie\/cookies-wat-zijn-het-en-wat-doe-ik-ermee\/<br>&nbsp;<br>Cookies werden auch von Dritten auf dieser Website gesetzt. Dazu geh\u00f6ren z. B. Werbetreibende und\/oder die Unternehmen der sozialen Medien. Nachstehend finden Sie eine \u00dcbersicht:<\/p>\n\n\n\n<p>[ Zum Beispiel:<br>Cookie: Googly Analytics<br>Name: _utma<br>Funktion: Analytischer Cookie zur Messung des Website-Verkehrs<br>Aufbewahrungsfrist: 2 Jahre ]<\/p>\n\n\n\n<p>Daten ansehen, \u00e4ndern oder l\u00f6schen<br>Sie haben das Recht auf Zugang, Berichtigung oder L\u00f6schung Ihrer personenbezogenen Daten. Dar\u00fcber hinaus haben Sie das Recht, Ihre eventuelle Zustimmung zur Datenverarbeitung zu widerrufen oder der Verarbeitung Ihrer personenbezogenen Daten durch Quizzzit zu widersprechen, und Sie haben das Recht auf Daten\u00fcbertragbarkeit. Das bedeutet, dass Sie von uns verlangen k\u00f6nnen, dass wir die personenbezogenen Daten, die wir \u00fcber Sie in einer Computerdatei gespeichert haben, an Sie oder eine andere von Ihnen benannte Organisation weiterleiten.<\/p>\n\n\n\n<p>Sie k\u00f6nnen einen Antrag auf Zugang, Berichtigung, L\u00f6schung oder \u00dcbertragung Ihrer personenbezogenen Daten oder auf Widerruf Ihrer Einwilligung oder Widerspruch gegen die Verarbeitung Ihrer personenbezogenen Daten an info@quizzzit.nl richten.<\/p>\n\n\n\n<p>Um sicherzustellen, dass der Antrag auf Einsichtnahme von Ihnen gestellt wird, bitten wir Sie, dem Antrag eine Kopie Ihres Identit\u00e4tsnachweises beizuf\u00fcgen. Schw\u00e4rzen Sie auf dieser Kopie Ihr Passfoto, die MRZ (maschinenlesbare Zone, der Zahlenstreifen am unteren Rand des Passes), die Passnummer und die B\u00fcrgerservicenummer (BSN). Dies dient dem Schutz Ihrer Privatsph\u00e4re. Wir werden Ihren Antrag so schnell wie m\u00f6glich, jedoch innerhalb von vier Wochen, beantworten.<\/p>\n\n\n\n<p>Quizzzit m\u00f6chte Sie auch dar\u00fcber informieren, dass Sie die M\u00f6glichkeit haben, eine Beschwerde bei der nationalen Aufsichtsbeh\u00f6rde, der Beh\u00f6rde f\u00fcr personenbezogene Daten, einzureichen. Sie k\u00f6nnen dies \u00fcber den folgenden Link tun: https:\/\/autoriteitpersoonsgegevens.nl\/nl\/contact-met-de-autoriteit-persoonsgegevens\/tip-ons<\/p>\n\n\n\n<p>Wie wir personenbezogene Daten sch\u00fctzen<br>Quizzzit nimmt den Schutz Ihrer Daten ernst und ergreift geeignete Ma\u00dfnahmen, um Missbrauch, Verlust, unbefugtem Zugriff, unerw\u00fcnschter Offenlegung und unbefugter Ver\u00e4nderung entgegenzuwirken. Wenn Sie den Eindruck haben, dass Ihre Daten nicht ordnungsgem\u00e4\u00df gesichert sind oder es Anzeichen f\u00fcr einen Missbrauch gibt, wenden Sie sich bitte an unseren Kundenservice oder \u00fcber info@quizzzit.nl<\/p>","protected":false},"excerpt":{"rendered":"<p>Quizzzit, gevestigd aan Witvensedijk 125296 KH Esch, is verantwoordelijk voor de verwerking van persoonsgegevens zoals weergegeven in deze privacyverklaring. Contactgegevens:https:\/\/www.quizzzit.nl\/nl\/homeWitvensedijk 125296 KH Esch+31 (0)411 60 24 25Maurice Meijer is de Functionaris Gegevensbescherming van Quizzzit Hij\/zij is te bereiken via info@quizzzit.nl Persoonsgegevens die wij verwerkenQuizzzit verwerkt uw persoonsgegevens doordat u gebruik maakt van onze diensten en\/of [&hellip;]<\/p>","protected":false},"author":1,"featured_media":0,"parent":0,"menu_order":0,"comment_status":"closed","ping_status":"closed","template":"","meta":{"footnotes":""},"class_list":["post-1329","page","type-page","status-publish","hentry"],"_links":{"self":[{"href":"https:\/\/quizzzit.nl\/de\/wp-json\/wp\/v2\/pages\/1329","targetHints":{"allow":["GET"]}}],"collection":[{"href":"https:\/\/quizzzit.nl\/de\/wp-json\/wp\/v2\/pages"}],"about":[{"href":"https:\/\/quizzzit.nl\/de\/wp-json\/wp\/v2\/types\/page"}],"author":[{"embeddable":true,"href":"https:\/\/quizzzit.nl\/de\/wp-json\/wp\/v2\/users\/1"}],"replies":[{"embeddable":true,"href":"https:\/\/quizzzit.nl\/de\/wp-json\/wp\/v2\/comments?post=1329"}],"version-history":[{"count":0,"href":"https:\/\/quizzzit.nl\/de\/wp-json\/wp\/v2\/pages\/1329\/revisions"}],"wp:attachment":[{"href":"https:\/\/quizzzit.nl\/de\/wp-json\/wp\/v2\/media?parent=1329"}],"curies":[{"name":"wp","href":"https:\/\/api.w.org\/{rel}","templated":true}]}}